{"id":59,"date":"2019-12-30T16:43:07","date_gmt":"2019-12-30T21:43:07","guid":{"rendered":"https:\/\/obnqpf80.mywhc.ca\/?page_id=59"},"modified":"2025-03-05T22:54:55","modified_gmt":"2025-03-06T03:54:55","slug":"bienvenue","status":"publish","type":"page","link":"https:\/\/mpfbc.ca\/fr\/","title":{"rendered":"Le Fonds de la Police militaire pour les enfants aveugles"},"content":{"rendered":"\n<p>Le Fonds de la Police militaire pour les enfants aveugles (FPMEA) a \u00e9t\u00e9 fond\u00e9 en 1957 afin d&rsquo;aider les enfants \u00e2g\u00e9s de moins de 21 ans, troubl\u00e9s d&rsquo;une vision diminu\u00e9e.<\/p>\n\n\n\n<p>Le Fonds est op\u00e9r\u00e9 uniquement par des membres volontaires de la Police militaire, n&rsquo;ayant donc aucun employ\u00e9 r\u00e9mun\u00e9r\u00e9. Chaque \u00e9tablissement des Forces canadiennes a un repr\u00e9sentant r\u00e9gional sur le Conseil d&rsquo;administration. Tous les fonds amass\u00e9s servent \u00e0 b\u00e9n\u00e9ficier des enfants d\u00e9munis d&rsquo;une bonne vision. L&rsquo;ensemble de la Police militaire et ses partenaires sont extr\u00eamement fiers du Fonds et le Conseil d&rsquo;administration est particuli\u00e8rement satisfait de son succ\u00e8s. Ce succ\u00e8s se d\u00e9finit par le montant de dons ramass\u00e9 par des volontaires d\u00e9di\u00e9s \u00e0 la t\u00e2che et encore plus important, par le nombre de d\u00e9boursements accord\u00e9 aux enfants en besoin.<\/p>\n\n\n\n<blockquote class=\"wp-block-quote is-layout-flow wp-block-quote-is-layout-flow\">\n<hr class=\"wp-block-separator has-alpha-channel-opacity\"\/>\n\n\n\n<h2 class=\"wp-block-heading has-text-align-center\">Un message du pr\u00e9sident du Comit\u00e9 du FPMEA<\/h2>\n\n\n\n<p><em>\u00ab Au nom du Fonds de la Police militaire pour les enfants aveugles (FPMEA), le Comit\u00e9 du FPMEA et moi vous souhaitons la bienvenue sur notre site Web revu et am\u00e9lior\u00e9.<\/em><\/p>\n\n\n\n<p><em>Que vous soyez un membre de la Police militaire, un partenaire corporatif ou un membre de la communaut\u00e9, nous vous sommes tr\u00e8s reconnaissants du temps, des efforts, du d\u00e9vouement et des dons que vous nous accordez. Ceux-ci contribuent \u00e9norm\u00e9ment au soutien que nous sommes en mesure d\u2019offrir aux enfants qui vivent avec une d\u00e9ficience visuelle partout au pays.<\/em><\/p>\n\n\n\n<p><em>En plus de lancer ce nouveau site Web, le FPMEA renforce sa pr\u00e9sence sur les m\u00e9dias sociaux et entre dans une nouvelle phase qui lui donnera une visibilit\u00e9 accrue et davantage d\u2019occasions d\u2019interagir avec la communaut\u00e9.<\/em><\/p>\n\n\n\n<p><em>Nous sommes impatients de continuer \u00e0 travailler avec vous pour am\u00e9liorer la vie de ces enfants. C\u2019est gr\u00e2ce \u00e0 votre g\u00e9n\u00e9rosit\u00e9, \u00e0 votre d\u00e9vouement et \u00e0 vos efforts soutenus que nous pourrons perp\u00e9tuer la vision du Colonel Stone, le fondateur du FPMEA.<\/em> \u00bb<\/p>\n\n\n\n<hr class=\"wp-block-separator has-alpha-channel-opacity\"\/>\n<\/blockquote>\n","protected":false},"excerpt":{"rendered":"<p>Le Fonds de la Police militaire pour les enfants aveugles (FPMEA) a \u00e9t\u00e9 fond\u00e9 en 1957 afin d&rsquo;aider les enfants \u00e2g\u00e9s de moins de 21 ans, troubl\u00e9s d&rsquo;une vision diminu\u00e9e. Le Fonds est op\u00e9r\u00e9 uniquement par des membres volontaires de&#8230;<\/p>\n","protected":false},"author":5,"featured_media":36,"parent":0,"menu_order":0,"comment_status":"closed","ping_status":"closed","template":"","meta":{"_acf_changed":false,"footnotes":""},"class_list":["post-59","page","type-page","status-publish","has-post-thumbnail","hentry"],"acf":[],"yoast_head":"<!-- This site is optimized with the Yoast SEO plugin v27.2 - https:\/\/yoast.com\/product\/yoast-seo-wordpress\/ -->\n<title>Le Fonds de la Police militaire pour les enfants aveugles - Le Fonds de la Police militaire pour les enfants aveugles<\/title>\n<meta name=\"robots\" content=\"index, follow, max-snippet:-1, max-image-preview:large, max-video-preview:-1\" \/>\n<link rel=\"canonical\" href=\"https:\/\/mpfbc.ca\/fr\/\" \/>\n<meta property=\"og:locale\" content=\"fr_CA\" \/>\n<meta property=\"og:type\" content=\"article\" \/>\n<meta property=\"og:title\" content=\"Le Fonds de la Police militaire pour les enfants aveugles - Le Fonds de la Police militaire pour les enfants aveugles\" \/>\n<meta property=\"og:description\" content=\"Le Fonds de la Police militaire pour les enfants aveugles (FPMEA) a \u00e9t\u00e9 fond\u00e9 en 1957 afin d&rsquo;aider les enfants \u00e2g\u00e9s de moins de 21 ans, troubl\u00e9s d&rsquo;une vision diminu\u00e9e. Le Fonds est op\u00e9r\u00e9 uniquement par des membres volontaires de...\" \/>\n<meta property=\"og:url\" content=\"https:\/\/mpfbc.ca\/fr\/\" \/>\n<meta property=\"og:site_name\" content=\"Le Fonds de la Police militaire pour les enfants aveugles\" \/>\n<meta property=\"article:modified_time\" content=\"2025-03-06T03:54:55+00:00\" \/>\n<meta property=\"og:image\" content=\"https:\/\/mpfbc.ca\/wp-content\/uploads\/2019\/12\/mpfbc-header.jpg\" \/>\n\t<meta property=\"og:image:width\" content=\"1200\" \/>\n\t<meta property=\"og:image:height\" content=\"628\" \/>\n\t<meta property=\"og:image:type\" content=\"image\/jpeg\" \/>\n<meta name=\"twitter:card\" content=\"summary_large_image\" \/>\n<meta name=\"twitter:label1\" content=\"Estimation du temps de lecture\" \/>\n\t<meta name=\"twitter:data1\" content=\"1 minute\" \/>\n<script type=\"application\/ld+json\" class=\"yoast-schema-graph\">{\"@context\":\"https:\/\/schema.org\",\"@graph\":[{\"@type\":\"WebPage\",\"@id\":\"https:\/\/mpfbc.ca\/fr\/\",\"url\":\"https:\/\/mpfbc.ca\/fr\/\",\"name\":\"Le Fonds de la Police militaire pour les enfants aveugles - Le Fonds de la Police militaire pour les enfants aveugles\",\"isPartOf\":{\"@id\":\"https:\/\/mpfbc.ca\/#website\"},\"primaryImageOfPage\":{\"@id\":\"https:\/\/mpfbc.ca\/fr\/#primaryimage\"},\"image\":{\"@id\":\"https:\/\/mpfbc.ca\/fr\/#primaryimage\"},\"thumbnailUrl\":\"https:\/\/mpfbc.ca\/wp-content\/uploads\/2019\/12\/mpfbc-header.jpg\",\"datePublished\":\"2019-12-30T21:43:07+00:00\",\"dateModified\":\"2025-03-06T03:54:55+00:00\",\"breadcrumb\":{\"@id\":\"https:\/\/mpfbc.ca\/fr\/#breadcrumb\"},\"inLanguage\":\"fr-CA\",\"potentialAction\":[{\"@type\":\"ReadAction\",\"target\":[\"https:\/\/mpfbc.ca\/fr\/\"]}]},{\"@type\":\"ImageObject\",\"inLanguage\":\"fr-CA\",\"@id\":\"https:\/\/mpfbc.ca\/fr\/#primaryimage\",\"url\":\"https:\/\/mpfbc.ca\/wp-content\/uploads\/2019\/12\/mpfbc-header.jpg\",\"contentUrl\":\"https:\/\/mpfbc.ca\/wp-content\/uploads\/2019\/12\/mpfbc-header.jpg\",\"width\":1200,\"height\":628},{\"@type\":\"BreadcrumbList\",\"@id\":\"https:\/\/mpfbc.ca\/fr\/#breadcrumb\",\"itemListElement\":[{\"@type\":\"ListItem\",\"position\":1,\"name\":\"Home\",\"item\":\"https:\/\/mpfbc.ca\/fr\/\"},{\"@type\":\"ListItem\",\"position\":2,\"name\":\"Le Fonds de la Police militaire pour les enfants aveugles\"}]},{\"@type\":\"WebSite\",\"@id\":\"https:\/\/mpfbc.ca\/#website\",\"url\":\"https:\/\/mpfbc.ca\/\",\"name\":\"Le Fonds de la Police militaire pour les enfants aveugles\",\"description\":\"Aidez les enfants canadiens de moins de 21 ans atteints d\u2019un handicap visuel\",\"alternateName\":\"MPFBC\",\"potentialAction\":[{\"@type\":\"SearchAction\",\"target\":{\"@type\":\"EntryPoint\",\"urlTemplate\":\"https:\/\/mpfbc.ca\/?s={search_term_string}\"},\"query-input\":{\"@type\":\"PropertyValueSpecification\",\"valueRequired\":true,\"valueName\":\"search_term_string\"}}],\"inLanguage\":\"fr-CA\"}]}<\/script>\n<!-- \/ Yoast SEO plugin. -->","yoast_head_json":{"title":"Le Fonds de la Police militaire pour les enfants aveugles - Le Fonds de la Police militaire pour les enfants aveugles","robots":{"index":"index","follow":"follow","max-snippet":"max-snippet:-1","max-image-preview":"max-image-preview:large","max-video-preview":"max-video-preview:-1"},"canonical":"https:\/\/mpfbc.ca\/fr\/","og_locale":"fr_CA","og_type":"article","og_title":"Le Fonds de la Police militaire pour les enfants aveugles - Le Fonds de la Police militaire pour les enfants aveugles","og_description":"Le Fonds de la Police militaire pour les enfants aveugles (FPMEA) a \u00e9t\u00e9 fond\u00e9 en 1957 afin d&rsquo;aider les enfants \u00e2g\u00e9s de moins de 21 ans, troubl\u00e9s d&rsquo;une vision diminu\u00e9e. Le Fonds est op\u00e9r\u00e9 uniquement par des membres volontaires de...","og_url":"https:\/\/mpfbc.ca\/fr\/","og_site_name":"Le Fonds de la Police militaire pour les enfants aveugles","article_modified_time":"2025-03-06T03:54:55+00:00","og_image":[{"width":1200,"height":628,"url":"https:\/\/mpfbc.ca\/wp-content\/uploads\/2019\/12\/mpfbc-header.jpg","type":"image\/jpeg"}],"twitter_card":"summary_large_image","twitter_misc":{"Estimation du temps de lecture":"1 minute"},"schema":{"@context":"https:\/\/schema.org","@graph":[{"@type":"WebPage","@id":"https:\/\/mpfbc.ca\/fr\/","url":"https:\/\/mpfbc.ca\/fr\/","name":"Le Fonds de la Police militaire pour les enfants aveugles - Le Fonds de la Police militaire pour les enfants aveugles","isPartOf":{"@id":"https:\/\/mpfbc.ca\/#website"},"primaryImageOfPage":{"@id":"https:\/\/mpfbc.ca\/fr\/#primaryimage"},"image":{"@id":"https:\/\/mpfbc.ca\/fr\/#primaryimage"},"thumbnailUrl":"https:\/\/mpfbc.ca\/wp-content\/uploads\/2019\/12\/mpfbc-header.jpg","datePublished":"2019-12-30T21:43:07+00:00","dateModified":"2025-03-06T03:54:55+00:00","breadcrumb":{"@id":"https:\/\/mpfbc.ca\/fr\/#breadcrumb"},"inLanguage":"fr-CA","potentialAction":[{"@type":"ReadAction","target":["https:\/\/mpfbc.ca\/fr\/"]}]},{"@type":"ImageObject","inLanguage":"fr-CA","@id":"https:\/\/mpfbc.ca\/fr\/#primaryimage","url":"https:\/\/mpfbc.ca\/wp-content\/uploads\/2019\/12\/mpfbc-header.jpg","contentUrl":"https:\/\/mpfbc.ca\/wp-content\/uploads\/2019\/12\/mpfbc-header.jpg","width":1200,"height":628},{"@type":"BreadcrumbList","@id":"https:\/\/mpfbc.ca\/fr\/#breadcrumb","itemListElement":[{"@type":"ListItem","position":1,"name":"Home","item":"https:\/\/mpfbc.ca\/fr\/"},{"@type":"ListItem","position":2,"name":"Le Fonds de la Police militaire pour les enfants aveugles"}]},{"@type":"WebSite","@id":"https:\/\/mpfbc.ca\/#website","url":"https:\/\/mpfbc.ca\/","name":"Le Fonds de la Police militaire pour les enfants aveugles","description":"Aidez les enfants canadiens de moins de 21 ans atteints d\u2019un handicap visuel","alternateName":"MPFBC","potentialAction":[{"@type":"SearchAction","target":{"@type":"EntryPoint","urlTemplate":"https:\/\/mpfbc.ca\/?s={search_term_string}"},"query-input":{"@type":"PropertyValueSpecification","valueRequired":true,"valueName":"search_term_string"}}],"inLanguage":"fr-CA"}]}},"jetpack_sharing_enabled":true,"_links":{"self":[{"href":"https:\/\/mpfbc.ca\/fr\/wp-json\/wp\/v2\/pages\/59","targetHints":{"allow":["GET"]}}],"collection":[{"href":"https:\/\/mpfbc.ca\/fr\/wp-json\/wp\/v2\/pages"}],"about":[{"href":"https:\/\/mpfbc.ca\/fr\/wp-json\/wp\/v2\/types\/page"}],"author":[{"embeddable":true,"href":"https:\/\/mpfbc.ca\/fr\/wp-json\/wp\/v2\/users\/5"}],"replies":[{"embeddable":true,"href":"https:\/\/mpfbc.ca\/fr\/wp-json\/wp\/v2\/comments?post=59"}],"version-history":[{"count":2,"href":"https:\/\/mpfbc.ca\/fr\/wp-json\/wp\/v2\/pages\/59\/revisions"}],"predecessor-version":[{"id":3561,"href":"https:\/\/mpfbc.ca\/fr\/wp-json\/wp\/v2\/pages\/59\/revisions\/3561"}],"wp:featuredmedia":[{"embeddable":true,"href":"https:\/\/mpfbc.ca\/fr\/wp-json\/wp\/v2\/media\/36"}],"wp:attachment":[{"href":"https:\/\/mpfbc.ca\/fr\/wp-json\/wp\/v2\/media?parent=59"}],"curies":[{"name":"wp","href":"https:\/\/api.w.org\/{rel}","templated":true}]}}