{"id":32,"date":"2019-12-15T22:02:58","date_gmt":"2019-12-16T03:02:58","guid":{"rendered":"https:\/\/obnqpf80.mywhc.ca\/?page_id=32"},"modified":"2025-03-05T22:56:45","modified_gmt":"2025-03-06T03:56:45","slug":"a-propos","status":"publish","type":"page","link":"https:\/\/mpfbc.ca\/fr\/a-propos\/","title":{"rendered":"\u00c0 propos du Fonds des Enfants Aveugles"},"content":{"rendered":"<div class=\"wp-block-image\">\n<figure class=\"alignright size-large\"><a href=\"https:\/\/mpfbc.ca\/fr\/a-propos-du-fonds-des-enfants-aveugles\/moira-plumsy-stone\/\"><img loading=\"lazy\" decoding=\"async\" width=\"250\" height=\"328\" data-attachment-id=\"1476\" data-permalink=\"https:\/\/mpfbc.ca\/fr\/a-propos\/plumsy-2\/\" data-orig-file=\"https:\/\/mpfbc.ca\/wp-content\/uploads\/2020\/07\/plumsy.jpg\" data-orig-size=\"250,328\" data-comments-opened=\"0\" data-image-meta=\"{&quot;aperture&quot;:&quot;0&quot;,&quot;credit&quot;:&quot;&quot;,&quot;camera&quot;:&quot;&quot;,&quot;caption&quot;:&quot;&quot;,&quot;created_timestamp&quot;:&quot;0&quot;,&quot;copyright&quot;:&quot;&quot;,&quot;focal_length&quot;:&quot;0&quot;,&quot;iso&quot;:&quot;0&quot;,&quot;shutter_speed&quot;:&quot;0&quot;,&quot;title&quot;:&quot;&quot;,&quot;orientation&quot;:&quot;0&quot;}\" data-image-title=\"plumsy\" data-image-description=\"\" data-image-caption=\"\" data-medium-file=\"https:\/\/mpfbc.ca\/wp-content\/uploads\/2020\/07\/plumsy-229x300.jpg\" data-large-file=\"https:\/\/mpfbc.ca\/wp-content\/uploads\/2020\/07\/plumsy.jpg\" src=\"https:\/\/mpfbc.ca\/wp-content\/uploads\/2020\/07\/plumsy.jpg\" alt=\"\" class=\"wp-image-1476\" srcset=\"https:\/\/mpfbc.ca\/wp-content\/uploads\/2020\/07\/plumsy.jpg 250w, https:\/\/mpfbc.ca\/wp-content\/uploads\/2020\/07\/plumsy-229x300.jpg 229w\" sizes=\"auto, (max-width: 250px) 100vw, 250px\" \/><\/a><figcaption class=\"wp-element-caption\"><em>Cette histoire Moira (Plumsy) Stone \u00e9tait la fille du Colonel Stone, notre fondateur. <\/em><br><br><a href=\"https:\/\/mpfbc.ca\/fr\/a-propos-du-fonds-des-enfants-aveugles\/moira-plumsy-stone\/\">Pour en savoir plus<\/a> au sujet de Moira, dans les mots de sa s\u0153ur Shelley\u2026<\/figcaption><\/figure>\n<\/div>\n\n\n<p><\/p>\n\n\n\n<p>Le Colonel James Riley Stone, C.M., D.S.O., M.C., C.D., a fond\u00e9 le Fonds de la Police militaire pour les enfants aveugles (FPMEA) \u00e0 ses humbles d\u00e9buts en 1957. Le Colonel Stone \u00e9tait le Grand Pr\u00e9v\u00f4t de l\u2019Arm\u00e9e canadienne (Police militaire) lorsque sa fille Moira a d\u00e9velopp\u00e9 un cancer de l\u2019\u0153il qui a caus\u00e9 une c\u00e9cit\u00e9 soudaine avant de mener \u00e9ventuellement \u00e0 son d\u00e9c\u00e8s. Pendant la maladie de sa fille, le Colonel Stone est entr\u00e9 en contact avec des organismes qui \u00e9prouvaient des difficult\u00e9s \u00e0 venir en aide aux enfants aveugles. Il a alors pris conscience que beaucoup d\u2019enfants aveugles moins fortun\u00e9s que sa fille \u00e9taient incapables de profiter des petites choses de la vie, faute d\u2019argent. Leur t\u00e9moignage a \u00e9branl\u00e9 le Colonel Stone qui a d\u00e9cid\u00e9 de leur venir en aide par tous les moyens \u00e0 sa port\u00e9e. Il a sollicit\u00e9 les membres de la Police militaire, leur demandant de faire des dons volontaires d\u2019un \u00e0 deux dollars par an, pour mettre sur pied un Fonds en soutien aux enfants aveugles \u00e2g\u00e9s de moins de 13 ans.<\/p>\n\n\n\n<p>L\u2019enthousiasme du Colonel Stone a men\u00e9 \u00e0 la cr\u00e9ation du FPMEA. Apr\u00e8s l\u2019\u00e9mission d\u2019une lettre patente le 18 octobre 1976 et d\u2019un acte de fiducie le 27 octobre 1977, le FPMEA est devenu une soci\u00e9t\u00e9 \u00e0 fin charitable (num\u00e9ro 350345) en vertu de la Loi sur les corporations canadiennes, Partie II. Cette loi, qui est sous la responsabilit\u00e9 de Corporations Canada, \u00e9met des directives sur la cr\u00e9ation et l\u2019administration des organisations \u00e0 but non-lucratif, ainsi que des r\u00e8glements auxquels le FPMEA doit se conformer.<\/p>\n\n\n\n<p>Le FPMEA demeure unique en son genre au Canada, puisqu\u2019il s\u2019agit de la seule \u0153uvre de bienfaisance \u00ab&nbsp;militaire&nbsp;\u00bb au pays. Le Fonds est g\u00e9r\u00e9 par des b\u00e9n\u00e9voles de la Police militaire (en service ou \u00e0 la retraite, et de tous grades) et est soutenu par l\u2019ensemble du Groupe de la Police militaire des Forces canadiennes. Au sein de chaque unit\u00e9 de la Police militaire, quelle qu\u2019en soit la taille ou la situation g\u00e9ographique, vous trouverez un repr\u00e9sentant du Fonds. Ces repr\u00e9sentants coordonnent des activit\u00e9s locales de lev\u00e9e de fonds et identifient des enfants et des organismes qui pourraient b\u00e9n\u00e9ficier des services offerts par le Fonds. Ces repr\u00e9sentants locaux rapportent leurs activit\u00e9s \u00e0 leurs repr\u00e9sentants r\u00e9gionaux respectifs, qui forment aussi le Comit\u00e9 des directeurs.<\/p>\n\n\n\n<p><\/p>\n\n\n\n<p><\/p>\n","protected":false},"excerpt":{"rendered":"<p>Le Colonel James Riley Stone, C.M., D.S.O., M.C., C.D., a fond\u00e9 le Fonds de la Police militaire pour les enfants aveugles (FPMEA) \u00e0 ses humbles d\u00e9buts en 1957. Le Colonel Stone \u00e9tait le Grand Pr\u00e9v\u00f4t de l\u2019Arm\u00e9e canadienne (Police militaire)&#8230;<\/p>\n","protected":false},"author":5,"featured_media":0,"parent":0,"menu_order":1,"comment_status":"closed","ping_status":"closed","template":"","meta":{"_acf_changed":false,"footnotes":""},"class_list":["post-32","page","type-page","status-publish","hentry"],"acf":[],"yoast_head":"<!-- This site is optimized with the Yoast SEO plugin v27.2 - https:\/\/yoast.com\/product\/yoast-seo-wordpress\/ -->\n<title>\u00c0 propos du Fonds des Enfants Aveugles - Le Fonds de la Police militaire pour les enfants aveugles<\/title>\n<meta name=\"robots\" content=\"index, follow, max-snippet:-1, max-image-preview:large, max-video-preview:-1\" \/>\n<link rel=\"canonical\" href=\"https:\/\/mpfbc.ca\/fr\/a-propos\/\" \/>\n<meta property=\"og:locale\" content=\"fr_CA\" \/>\n<meta property=\"og:type\" content=\"article\" \/>\n<meta property=\"og:title\" content=\"\u00c0 propos du Fonds des Enfants Aveugles - Le Fonds de la Police militaire pour les enfants aveugles\" \/>\n<meta property=\"og:description\" content=\"Le Colonel James Riley Stone, C.M., D.S.O., M.C., C.D., a fond\u00e9 le Fonds de la Police militaire pour les enfants aveugles (FPMEA) \u00e0 ses humbles d\u00e9buts en 1957. Le Colonel Stone \u00e9tait le Grand Pr\u00e9v\u00f4t de l\u2019Arm\u00e9e canadienne (Police militaire)...\" \/>\n<meta property=\"og:url\" content=\"https:\/\/mpfbc.ca\/fr\/a-propos\/\" \/>\n<meta property=\"og:site_name\" content=\"Le Fonds de la Police militaire pour les enfants aveugles\" \/>\n<meta property=\"article:modified_time\" content=\"2025-03-06T03:56:45+00:00\" \/>\n<meta property=\"og:image\" content=\"https:\/\/mpfbc.ca\/wp-content\/uploads\/2020\/07\/plumsy.jpg\" \/>\n\t<meta property=\"og:image:width\" content=\"250\" \/>\n\t<meta property=\"og:image:height\" content=\"328\" \/>\n\t<meta property=\"og:image:type\" content=\"image\/jpeg\" \/>\n<meta name=\"twitter:card\" content=\"summary_large_image\" \/>\n<meta name=\"twitter:label1\" content=\"Estimation du temps de lecture\" \/>\n\t<meta name=\"twitter:data1\" content=\"3 minutes\" \/>\n<script type=\"application\/ld+json\" class=\"yoast-schema-graph\">{\"@context\":\"https:\/\/schema.org\",\"@graph\":[{\"@type\":\"WebPage\",\"@id\":\"https:\/\/mpfbc.ca\/fr\/a-propos\/\",\"url\":\"https:\/\/mpfbc.ca\/fr\/a-propos\/\",\"name\":\"\u00c0 propos du Fonds des Enfants Aveugles - Le Fonds de la Police militaire pour les enfants aveugles\",\"isPartOf\":{\"@id\":\"https:\/\/mpfbc.ca\/#website\"},\"primaryImageOfPage\":{\"@id\":\"https:\/\/mpfbc.ca\/fr\/a-propos\/#primaryimage\"},\"image\":{\"@id\":\"https:\/\/mpfbc.ca\/fr\/a-propos\/#primaryimage\"},\"thumbnailUrl\":\"https:\/\/mpfbc.ca\/wp-content\/uploads\/2020\/07\/plumsy.jpg\",\"datePublished\":\"2019-12-16T03:02:58+00:00\",\"dateModified\":\"2025-03-06T03:56:45+00:00\",\"breadcrumb\":{\"@id\":\"https:\/\/mpfbc.ca\/fr\/a-propos\/#breadcrumb\"},\"inLanguage\":\"fr-CA\",\"potentialAction\":[{\"@type\":\"ReadAction\",\"target\":[\"https:\/\/mpfbc.ca\/fr\/a-propos\/\"]}]},{\"@type\":\"ImageObject\",\"inLanguage\":\"fr-CA\",\"@id\":\"https:\/\/mpfbc.ca\/fr\/a-propos\/#primaryimage\",\"url\":\"https:\/\/mpfbc.ca\/wp-content\/uploads\/2020\/07\/plumsy.jpg\",\"contentUrl\":\"https:\/\/mpfbc.ca\/wp-content\/uploads\/2020\/07\/plumsy.jpg\"},{\"@type\":\"BreadcrumbList\",\"@id\":\"https:\/\/mpfbc.ca\/fr\/a-propos\/#breadcrumb\",\"itemListElement\":[{\"@type\":\"ListItem\",\"position\":1,\"name\":\"Home\",\"item\":\"https:\/\/mpfbc.ca\/fr\/\"},{\"@type\":\"ListItem\",\"position\":2,\"name\":\"\u00c0 propos du Fonds des Enfants Aveugles\"}]},{\"@type\":\"WebSite\",\"@id\":\"https:\/\/mpfbc.ca\/#website\",\"url\":\"https:\/\/mpfbc.ca\/\",\"name\":\"Le Fonds de la Police militaire pour les enfants aveugles\",\"description\":\"Aidez les enfants canadiens de moins de 21 ans atteints d\u2019un handicap visuel\",\"alternateName\":\"MPFBC\",\"potentialAction\":[{\"@type\":\"SearchAction\",\"target\":{\"@type\":\"EntryPoint\",\"urlTemplate\":\"https:\/\/mpfbc.ca\/?s={search_term_string}\"},\"query-input\":{\"@type\":\"PropertyValueSpecification\",\"valueRequired\":true,\"valueName\":\"search_term_string\"}}],\"inLanguage\":\"fr-CA\"}]}<\/script>\n<!-- \/ Yoast SEO plugin. -->","yoast_head_json":{"title":"\u00c0 propos du Fonds des Enfants Aveugles - Le Fonds de la Police militaire pour les enfants aveugles","robots":{"index":"index","follow":"follow","max-snippet":"max-snippet:-1","max-image-preview":"max-image-preview:large","max-video-preview":"max-video-preview:-1"},"canonical":"https:\/\/mpfbc.ca\/fr\/a-propos\/","og_locale":"fr_CA","og_type":"article","og_title":"\u00c0 propos du Fonds des Enfants Aveugles - Le Fonds de la Police militaire pour les enfants aveugles","og_description":"Le Colonel James Riley Stone, C.M., D.S.O., M.C., C.D., a fond\u00e9 le Fonds de la Police militaire pour les enfants aveugles (FPMEA) \u00e0 ses humbles d\u00e9buts en 1957. Le Colonel Stone \u00e9tait le Grand Pr\u00e9v\u00f4t de l\u2019Arm\u00e9e canadienne (Police militaire)...","og_url":"https:\/\/mpfbc.ca\/fr\/a-propos\/","og_site_name":"Le Fonds de la Police militaire pour les enfants aveugles","article_modified_time":"2025-03-06T03:56:45+00:00","og_image":[{"width":250,"height":328,"url":"https:\/\/mpfbc.ca\/wp-content\/uploads\/2020\/07\/plumsy.jpg","type":"image\/jpeg"}],"twitter_card":"summary_large_image","twitter_misc":{"Estimation du temps de lecture":"3 minutes"},"schema":{"@context":"https:\/\/schema.org","@graph":[{"@type":"WebPage","@id":"https:\/\/mpfbc.ca\/fr\/a-propos\/","url":"https:\/\/mpfbc.ca\/fr\/a-propos\/","name":"\u00c0 propos du Fonds des Enfants Aveugles - Le Fonds de la Police militaire pour les enfants aveugles","isPartOf":{"@id":"https:\/\/mpfbc.ca\/#website"},"primaryImageOfPage":{"@id":"https:\/\/mpfbc.ca\/fr\/a-propos\/#primaryimage"},"image":{"@id":"https:\/\/mpfbc.ca\/fr\/a-propos\/#primaryimage"},"thumbnailUrl":"https:\/\/mpfbc.ca\/wp-content\/uploads\/2020\/07\/plumsy.jpg","datePublished":"2019-12-16T03:02:58+00:00","dateModified":"2025-03-06T03:56:45+00:00","breadcrumb":{"@id":"https:\/\/mpfbc.ca\/fr\/a-propos\/#breadcrumb"},"inLanguage":"fr-CA","potentialAction":[{"@type":"ReadAction","target":["https:\/\/mpfbc.ca\/fr\/a-propos\/"]}]},{"@type":"ImageObject","inLanguage":"fr-CA","@id":"https:\/\/mpfbc.ca\/fr\/a-propos\/#primaryimage","url":"https:\/\/mpfbc.ca\/wp-content\/uploads\/2020\/07\/plumsy.jpg","contentUrl":"https:\/\/mpfbc.ca\/wp-content\/uploads\/2020\/07\/plumsy.jpg"},{"@type":"BreadcrumbList","@id":"https:\/\/mpfbc.ca\/fr\/a-propos\/#breadcrumb","itemListElement":[{"@type":"ListItem","position":1,"name":"Home","item":"https:\/\/mpfbc.ca\/fr\/"},{"@type":"ListItem","position":2,"name":"\u00c0 propos du Fonds des Enfants Aveugles"}]},{"@type":"WebSite","@id":"https:\/\/mpfbc.ca\/#website","url":"https:\/\/mpfbc.ca\/","name":"Le Fonds de la Police militaire pour les enfants aveugles","description":"Aidez les enfants canadiens de moins de 21 ans atteints d\u2019un handicap visuel","alternateName":"MPFBC","potentialAction":[{"@type":"SearchAction","target":{"@type":"EntryPoint","urlTemplate":"https:\/\/mpfbc.ca\/?s={search_term_string}"},"query-input":{"@type":"PropertyValueSpecification","valueRequired":true,"valueName":"search_term_string"}}],"inLanguage":"fr-CA"}]}},"jetpack_sharing_enabled":true,"_links":{"self":[{"href":"https:\/\/mpfbc.ca\/fr\/wp-json\/wp\/v2\/pages\/32","targetHints":{"allow":["GET"]}}],"collection":[{"href":"https:\/\/mpfbc.ca\/fr\/wp-json\/wp\/v2\/pages"}],"about":[{"href":"https:\/\/mpfbc.ca\/fr\/wp-json\/wp\/v2\/types\/page"}],"author":[{"embeddable":true,"href":"https:\/\/mpfbc.ca\/fr\/wp-json\/wp\/v2\/users\/5"}],"replies":[{"embeddable":true,"href":"https:\/\/mpfbc.ca\/fr\/wp-json\/wp\/v2\/comments?post=32"}],"version-history":[{"count":1,"href":"https:\/\/mpfbc.ca\/fr\/wp-json\/wp\/v2\/pages\/32\/revisions"}],"predecessor-version":[{"id":3562,"href":"https:\/\/mpfbc.ca\/fr\/wp-json\/wp\/v2\/pages\/32\/revisions\/3562"}],"wp:attachment":[{"href":"https:\/\/mpfbc.ca\/fr\/wp-json\/wp\/v2\/media?parent=32"}],"curies":[{"name":"wp","href":"https:\/\/api.w.org\/{rel}","templated":true}]}}