{"id":1855,"date":"2021-05-27T10:33:25","date_gmt":"2021-05-27T14:33:25","guid":{"rendered":"https:\/\/obnqpf80.mywhc.ca\/a-propos-du-fonds-des-enfants-aveugles\/testimonials\/"},"modified":"2025-03-05T23:02:49","modified_gmt":"2025-03-06T04:02:49","slug":"temoignages","status":"publish","type":"page","link":"https:\/\/mpfbc.ca\/fr\/a-propos\/temoignages\/","title":{"rendered":"T\u00e9moignages"},"content":{"rendered":"\n<h2 class=\"wp-block-heading\">Excursion de science marine \u00e0 Bamfield<\/h2>\n\n\n\n<figure class=\"wp-block-gallery has-nested-images columns-default wp-block-gallery-1 is-layout-flex wp-block-gallery-is-layout-flex\">\n<figure class=\"wp-block-image size-full\"><img loading=\"lazy\" decoding=\"async\" width=\"551\" height=\"778\" data-attachment-id=\"3057\" data-permalink=\"https:\/\/mpfbc.ca\/fr\/a-propos\/temoignages\/bamfield-2-1\/\" data-orig-file=\"https:\/\/mpfbc.ca\/wp-content\/uploads\/2024\/06\/Bamfield-2-1.png\" data-orig-size=\"551,778\" data-comments-opened=\"0\" data-image-meta=\"{&quot;aperture&quot;:&quot;0&quot;,&quot;credit&quot;:&quot;&quot;,&quot;camera&quot;:&quot;&quot;,&quot;caption&quot;:&quot;&quot;,&quot;created_timestamp&quot;:&quot;0&quot;,&quot;copyright&quot;:&quot;&quot;,&quot;focal_length&quot;:&quot;0&quot;,&quot;iso&quot;:&quot;0&quot;,&quot;shutter_speed&quot;:&quot;0&quot;,&quot;title&quot;:&quot;&quot;,&quot;orientation&quot;:&quot;0&quot;}\" data-image-title=\"Bamfield-2-1\" data-image-description=\"\" data-image-caption=\"\" data-medium-file=\"https:\/\/mpfbc.ca\/wp-content\/uploads\/2024\/06\/Bamfield-2-1-212x300.png\" data-large-file=\"https:\/\/mpfbc.ca\/wp-content\/uploads\/2024\/06\/Bamfield-2-1.png\" data-id=\"3057\" src=\"https:\/\/mpfbc.ca\/wp-content\/uploads\/2024\/06\/Bamfield-2-1.png\" alt=\"\" class=\"wp-image-3057\" srcset=\"https:\/\/mpfbc.ca\/wp-content\/uploads\/2024\/06\/Bamfield-2-1.png 551w, https:\/\/mpfbc.ca\/wp-content\/uploads\/2024\/06\/Bamfield-2-1-212x300.png 212w\" sizes=\"auto, (max-width: 551px) 100vw, 551px\" \/><\/figure>\n\n\n\n<figure class=\"wp-block-image size-full\"><img loading=\"lazy\" decoding=\"async\" width=\"572\" height=\"382\" data-attachment-id=\"3059\" data-permalink=\"https:\/\/mpfbc.ca\/fr\/a-propos\/temoignages\/bamfield-1-2-2\/\" data-orig-file=\"https:\/\/mpfbc.ca\/wp-content\/uploads\/2024\/06\/Bamfield-1-2.png\" data-orig-size=\"572,382\" data-comments-opened=\"0\" data-image-meta=\"{&quot;aperture&quot;:&quot;0&quot;,&quot;credit&quot;:&quot;&quot;,&quot;camera&quot;:&quot;&quot;,&quot;caption&quot;:&quot;&quot;,&quot;created_timestamp&quot;:&quot;0&quot;,&quot;copyright&quot;:&quot;&quot;,&quot;focal_length&quot;:&quot;0&quot;,&quot;iso&quot;:&quot;0&quot;,&quot;shutter_speed&quot;:&quot;0&quot;,&quot;title&quot;:&quot;&quot;,&quot;orientation&quot;:&quot;0&quot;}\" data-image-title=\"Bamfield-1-2\" data-image-description=\"\" data-image-caption=\"\" data-medium-file=\"https:\/\/mpfbc.ca\/wp-content\/uploads\/2024\/06\/Bamfield-1-2-300x200.png\" data-large-file=\"https:\/\/mpfbc.ca\/wp-content\/uploads\/2024\/06\/Bamfield-1-2.png\" data-id=\"3059\" src=\"https:\/\/mpfbc.ca\/wp-content\/uploads\/2024\/06\/Bamfield-1-2.png\" alt=\"\" class=\"wp-image-3059\" srcset=\"https:\/\/mpfbc.ca\/wp-content\/uploads\/2024\/06\/Bamfield-1-2.png 572w, https:\/\/mpfbc.ca\/wp-content\/uploads\/2024\/06\/Bamfield-1-2-300x200.png 300w\" sizes=\"auto, (max-width: 572px) 100vw, 572px\" \/><\/figure>\n<\/figure>\n\n\n\n<hr class=\"wp-block-separator has-alpha-channel-opacity\"\/>\n\n\n\n<h2 class=\"wp-block-heading\">La Famille Evenson<\/h2>\n\n\n\n<blockquote class=\"wp-block-quote is-layout-flow wp-block-quote-is-layout-flow\"><div class=\"wp-block-image\">\n<figure class=\"alignright size-large is-resized\"><img loading=\"lazy\" decoding=\"async\" width=\"769\" height=\"1024\" data-attachment-id=\"2863\" data-permalink=\"https:\/\/mpfbc.ca\/fr\/a-propos\/temoignages\/processed-15d8de1d-a0ab-410b-b01d-f235297b7191-1\/\" data-orig-file=\"https:\/\/mpfbc.ca\/wp-content\/uploads\/2024\/02\/processed-15D8DE1D-A0AB-410B-B01D-F235297B7191-1.jpeg\" data-orig-size=\"1501,2000\" data-comments-opened=\"0\" data-image-meta=\"{&quot;aperture&quot;:&quot;0&quot;,&quot;credit&quot;:&quot;&quot;,&quot;camera&quot;:&quot;&quot;,&quot;caption&quot;:&quot;&quot;,&quot;created_timestamp&quot;:&quot;0&quot;,&quot;copyright&quot;:&quot;&quot;,&quot;focal_length&quot;:&quot;0&quot;,&quot;iso&quot;:&quot;0&quot;,&quot;shutter_speed&quot;:&quot;0&quot;,&quot;title&quot;:&quot;&quot;,&quot;orientation&quot;:&quot;0&quot;}\" data-image-title=\"processed-15D8DE1D-A0AB-410B-B01D-F235297B7191-1\" data-image-description=\"\" data-image-caption=\"\" data-medium-file=\"https:\/\/mpfbc.ca\/wp-content\/uploads\/2024\/02\/processed-15D8DE1D-A0AB-410B-B01D-F235297B7191-1-225x300.jpeg\" data-large-file=\"https:\/\/mpfbc.ca\/wp-content\/uploads\/2024\/02\/processed-15D8DE1D-A0AB-410B-B01D-F235297B7191-1-769x1024.jpeg\" src=\"https:\/\/mpfbc.ca\/wp-content\/uploads\/2024\/02\/processed-15D8DE1D-A0AB-410B-B01D-F235297B7191-1-769x1024.jpeg\" alt=\"\" class=\"wp-image-2863\" style=\"aspect-ratio:1;object-fit:cover;width:300px\" srcset=\"https:\/\/mpfbc.ca\/wp-content\/uploads\/2024\/02\/processed-15D8DE1D-A0AB-410B-B01D-F235297B7191-1-769x1024.jpeg 769w, https:\/\/mpfbc.ca\/wp-content\/uploads\/2024\/02\/processed-15D8DE1D-A0AB-410B-B01D-F235297B7191-1-225x300.jpeg 225w, https:\/\/mpfbc.ca\/wp-content\/uploads\/2024\/02\/processed-15D8DE1D-A0AB-410B-B01D-F235297B7191-1-768x1023.jpeg 768w, https:\/\/mpfbc.ca\/wp-content\/uploads\/2024\/02\/processed-15D8DE1D-A0AB-410B-B01D-F235297B7191-1-1153x1536.jpeg 1153w, https:\/\/mpfbc.ca\/wp-content\/uploads\/2024\/02\/processed-15D8DE1D-A0AB-410B-B01D-F235297B7191-1.jpeg 1501w\" sizes=\"auto, (max-width: 769px) 100vw, 769px\" \/><\/figure>\n<\/div>\n\n\n<p>Notre famille ne peut m\u00eame pas commencer \u00e0 exprimer la gratitude que nous ressentons pour le MPFBC. En 2023, notre fils, qui vient d&rsquo;avoir 7 ans, a \u00e9t\u00e9 soutenu par eux depuis l&rsquo;\u00e2ge de 3 ans. Nous avons re\u00e7u des appareils comme un afficheur braille, une machine \u00e0 \u00e9crire Mountbatten Braille, un iPad, une Apple Watch, des le\u00e7ons d&rsquo;\u00e9quitation th\u00e9rapeutique et des cours de natation priv\u00e9s, et ils nous ont r\u00e9cemment envoy\u00e9s, mon mari et moi, \u00e0 une conf\u00e9rence sur l&rsquo;alphab\u00e9tisation en braille en Floride. Nous n&rsquo;aurions pas pu nous permettre tout cela sans leur soutien. Nous avons beaucoup appris lors de la conf\u00e9rence pour aider \u00e0 soutenir notre fils \u00e0 l&rsquo;\u00e9cole, dans sa mobilit\u00e9 et dans la vie. Nous sommes \u00e9ternellement reconnaissants pour cette incroyable association caritative. Notre fils b\u00e9n\u00e9ficie grandement des appareils et des activit\u00e9s qu&rsquo;ils nous ont donn\u00e9s, lui offrant ainsi l&rsquo;opportunit\u00e9 de devenir ind\u00e9pendant et des outils pour adapter son apprentissage.<\/p>\n\n\n\n<p>Merci beaucoup, nous vous appr\u00e9cions plus que vous ne le saurez jamais.<\/p>\n<cite>\u2014 La famille Evenson<\/cite><\/blockquote>\n\n\n\n<hr class=\"wp-block-separator has-alpha-channel-opacity\"\/>\n\n\n\n<h2 class=\"wp-block-heading\">La Famille Trant<\/h2>\n\n\n\n<p>En ao\u00fbt 2020, le MPFBC a fourni des fonds \u00e0 Sadie pour l&rsquo;achat de plusieurs \u00e9quipements, y compris un iMac, un iPad Pro et les logiciels appropri\u00e9s, afin de l&rsquo;aider dans ses activit\u00e9s. Ce fut un plaisir pour le conseil d&rsquo;administration du MPFBC de recevoir cette carte de remerciement de Sadie et nous sommes tr\u00e8s heureux de savoir qu&rsquo;elle a b\u00e9n\u00e9fici\u00e9 et continuera de b\u00e9n\u00e9ficier grandement de cet \u00e9quipement.<\/p>\n\n\n\n<figure class=\"wp-block-gallery has-nested-images columns-default wp-block-gallery-2 is-layout-flex wp-block-gallery-is-layout-flex\">\n<figure class=\"wp-block-image size-large\"><img loading=\"lazy\" decoding=\"async\" width=\"590\" height=\"824\" data-attachment-id=\"1830\" data-permalink=\"https:\/\/mpfbc.ca\/fr\/a-propos\/temoignages\/sadie-card-front-2\/\" data-orig-file=\"https:\/\/mpfbc.ca\/wp-content\/uploads\/2021\/05\/sadie-card-front.jpg\" data-orig-size=\"590,824\" data-comments-opened=\"0\" data-image-meta=\"{&quot;aperture&quot;:&quot;0&quot;,&quot;credit&quot;:&quot;&quot;,&quot;camera&quot;:&quot;&quot;,&quot;caption&quot;:&quot;&quot;,&quot;created_timestamp&quot;:&quot;0&quot;,&quot;copyright&quot;:&quot;&quot;,&quot;focal_length&quot;:&quot;0&quot;,&quot;iso&quot;:&quot;0&quot;,&quot;shutter_speed&quot;:&quot;0&quot;,&quot;title&quot;:&quot;&quot;,&quot;orientation&quot;:&quot;0&quot;}\" data-image-title=\"sadie-card-front\" data-image-description=\"\" data-image-caption=\"\" data-medium-file=\"https:\/\/mpfbc.ca\/wp-content\/uploads\/2021\/05\/sadie-card-front-215x300.jpg\" data-large-file=\"https:\/\/mpfbc.ca\/wp-content\/uploads\/2021\/05\/sadie-card-front.jpg\" data-id=\"1830\" src=\"https:\/\/mpfbc.ca\/wp-content\/uploads\/2021\/05\/sadie-card-front.jpg\" alt=\"\" class=\"wp-image-1830\" srcset=\"https:\/\/mpfbc.ca\/wp-content\/uploads\/2021\/05\/sadie-card-front.jpg 590w, https:\/\/mpfbc.ca\/wp-content\/uploads\/2021\/05\/sadie-card-front-215x300.jpg 215w\" sizes=\"auto, (max-width: 590px) 100vw, 590px\" \/><\/figure>\n\n\n\n<figure class=\"wp-block-image size-large\"><img loading=\"lazy\" decoding=\"async\" width=\"590\" height=\"824\" data-attachment-id=\"1832\" data-permalink=\"https:\/\/mpfbc.ca\/fr\/a-propos\/temoignages\/sadie-card-left-2\/\" data-orig-file=\"https:\/\/mpfbc.ca\/wp-content\/uploads\/2021\/05\/sadie-card-left.jpg\" data-orig-size=\"590,824\" data-comments-opened=\"0\" data-image-meta=\"{&quot;aperture&quot;:&quot;0&quot;,&quot;credit&quot;:&quot;&quot;,&quot;camera&quot;:&quot;&quot;,&quot;caption&quot;:&quot;&quot;,&quot;created_timestamp&quot;:&quot;0&quot;,&quot;copyright&quot;:&quot;&quot;,&quot;focal_length&quot;:&quot;0&quot;,&quot;iso&quot;:&quot;0&quot;,&quot;shutter_speed&quot;:&quot;0&quot;,&quot;title&quot;:&quot;&quot;,&quot;orientation&quot;:&quot;0&quot;}\" data-image-title=\"sadie-card-left\" data-image-description=\"\" data-image-caption=\"\" data-medium-file=\"https:\/\/mpfbc.ca\/wp-content\/uploads\/2021\/05\/sadie-card-left-215x300.jpg\" data-large-file=\"https:\/\/mpfbc.ca\/wp-content\/uploads\/2021\/05\/sadie-card-left.jpg\" data-id=\"1832\" src=\"https:\/\/mpfbc.ca\/wp-content\/uploads\/2021\/05\/sadie-card-left.jpg\" alt=\"\" class=\"wp-image-1832\" srcset=\"https:\/\/mpfbc.ca\/wp-content\/uploads\/2021\/05\/sadie-card-left.jpg 590w, https:\/\/mpfbc.ca\/wp-content\/uploads\/2021\/05\/sadie-card-left-215x300.jpg 215w\" sizes=\"auto, (max-width: 590px) 100vw, 590px\" \/><\/figure>\n\n\n\n<figure class=\"wp-block-image size-large\"><img loading=\"lazy\" decoding=\"async\" width=\"590\" height=\"824\" data-attachment-id=\"1834\" data-permalink=\"https:\/\/mpfbc.ca\/fr\/sadie-card-right-2\/\" data-orig-file=\"https:\/\/mpfbc.ca\/wp-content\/uploads\/2021\/05\/sadie-card-right.jpg\" data-orig-size=\"590,824\" data-comments-opened=\"0\" data-image-meta=\"{&quot;aperture&quot;:&quot;0&quot;,&quot;credit&quot;:&quot;&quot;,&quot;camera&quot;:&quot;&quot;,&quot;caption&quot;:&quot;&quot;,&quot;created_timestamp&quot;:&quot;0&quot;,&quot;copyright&quot;:&quot;&quot;,&quot;focal_length&quot;:&quot;0&quot;,&quot;iso&quot;:&quot;0&quot;,&quot;shutter_speed&quot;:&quot;0&quot;,&quot;title&quot;:&quot;&quot;,&quot;orientation&quot;:&quot;0&quot;}\" data-image-title=\"sadie-card-right\" data-image-description=\"\" data-image-caption=\"\" data-medium-file=\"https:\/\/mpfbc.ca\/wp-content\/uploads\/2021\/05\/sadie-card-right-215x300.jpg\" data-large-file=\"https:\/\/mpfbc.ca\/wp-content\/uploads\/2021\/05\/sadie-card-right.jpg\" data-id=\"1834\" src=\"https:\/\/mpfbc.ca\/wp-content\/uploads\/2021\/05\/sadie-card-right.jpg\" alt=\"\" class=\"wp-image-1834\" srcset=\"https:\/\/mpfbc.ca\/wp-content\/uploads\/2021\/05\/sadie-card-right.jpg 590w, https:\/\/mpfbc.ca\/wp-content\/uploads\/2021\/05\/sadie-card-right-215x300.jpg 215w\" sizes=\"auto, (max-width: 590px) 100vw, 590px\" \/><\/figure>\n<\/figure>\n\n\n\n<blockquote class=\"wp-block-quote is-layout-flow wp-block-quote-is-layout-flow\">\n<p>Merci beaucoup pour le grand iPad et l&rsquo;iMac. Je les utilise beaucoup tous les deux. J&rsquo;ai utilis\u00e9 l&rsquo;iMac pour mes devoirs, et j&rsquo;ai utilis\u00e9 le grand iPad pour m&rsquo;aider \u00e0 pratiquer le piano. Je les utilise tous les jours. Alors merci \u00e9norm\u00e9ment.<\/p>\n<cite>\u2014 Sadie Trant<\/cite><\/blockquote>\n\n\n\n<hr class=\"wp-block-separator has-alpha-channel-opacity\"\/>\n\n\n\t\t\t\t<div class=\"jetpack-testimonial-shortcode column-2\">\n\t\t\t\t\t\t\t\t\t\t\t<div class=\"testimonial-entry testimonial-entry-column-2 testimonial-entry-mobile-first-item-row testimonial-entry-first-item-row\">\n\t\t\t\t\t\t\t\t\t\t\t\t\t\t\t\t<div class=\"testimonial-entry-content\">\n<p>Dear Melanie,<\/p>\n\n\n\n<p>I wanted to write this letter to let you know how much I appreciate all the help I\u2019ve gotten from the Military Police Fund for Blind Children. I received my equipment a couple months back and it has really made a difference for me at home, and at work. Living with low vision can be challenging and for the longest time, I didn\u2019t know there were resources and different devices that could be of so much help to me. I am so thankful to the Military Police Fund because without your help, I would have never been able to get these things. The work you do is truly amazing and life changing for so many.<\/p>\n\n\n\n<p>Thank you,<\/p>\n<\/div>\n\t\t\t\t\t\t\t\t\t\t\t\t\t\t\t\t<span class=\"testimonial-entry-title\">&#8213; <a href=\"https:\/\/mpfbc.ca\/fr\/testimonial\/apryl-thacker\/\" title=\"Apryl Thacker\">Apryl Thacker<\/a><\/span>\n\t\t\t\t\t\t\t\t\t\t\t\t\t<\/div><!-- close .testimonial-entry -->\n\t\t\t\t\t\t\t\t\t\t\t\t<div class=\"testimonial-entry testimonial-entry-column-2 testimonial-entry-mobile-last-item-row testimonial-entry-last-item-row\">\n\t\t\t\t\t\t\t\t\t\t\t\t\t\t\t\t<div class=\"testimonial-entry-content\">\n<p>Dear Military Police<\/p>\n\n\n\n<p>I appreciate that you\u2019ve took the time to allow me to participate in going to Space Camp and the attend the events. I learned a lot from the trip. Things like going through security in the airport and the procedures; How to survive in a helicopter crash; and being aware of the surroundings around you when you are lost in the forest. I enjoyed making new friends, meeting new people, and connecting with people. I made some new friends on that trip. I enjoyed all of the activities that I was in. I hope to participate on another event like this. I would like to say again, thank you.<\/p>\n\n\n\n<p>Sincerely,<\/p>\n<\/div>\n\t\t\t\t\t\t\t\t\t\t\t\t\t\t\t\t<span class=\"testimonial-entry-title\">&#8213; <a href=\"https:\/\/mpfbc.ca\/fr\/testimonial\/djorn\/\" title=\"Djorn\">Djorn<\/a><\/span>\n\t\t\t\t\t\t\t\t\t\t\t\t\t<\/div><!-- close .testimonial-entry -->\n\t\t\t\t\t\t\t\t\t\t<\/div><!-- close .jetpack-testimonial-shortcode -->\n\t\t\t\t\n","protected":false},"excerpt":{"rendered":"<p>Excursion de science marine \u00e0 Bamfield La Famille Evenson La Famille Trant En ao\u00fbt 2020, le MPFBC a fourni des fonds \u00e0 Sadie pour l&rsquo;achat de plusieurs \u00e9quipements, y compris un iMac, un iPad Pro et les logiciels appropri\u00e9s, afin&#8230;<\/p>\n","protected":false},"author":5,"featured_media":0,"parent":32,"menu_order":0,"comment_status":"closed","ping_status":"closed","template":"template-testimonials.php","meta":{"_acf_changed":false,"footnotes":""},"class_list":["post-1855","page","type-page","status-publish","hentry"],"acf":[],"yoast_head":"<!-- This site is optimized with the Yoast SEO plugin v27.2 - https:\/\/yoast.com\/product\/yoast-seo-wordpress\/ -->\n<title>T\u00e9moignages - Le Fonds de la Police militaire pour les enfants aveugles<\/title>\n<meta name=\"robots\" content=\"index, follow, max-snippet:-1, max-image-preview:large, max-video-preview:-1\" \/>\n<link rel=\"canonical\" href=\"https:\/\/mpfbc.ca\/fr\/a-propos\/temoignages\/\" \/>\n<meta property=\"og:locale\" content=\"fr_CA\" \/>\n<meta property=\"og:type\" content=\"article\" \/>\n<meta property=\"og:title\" content=\"T\u00e9moignages - Le Fonds de la Police militaire pour les enfants aveugles\" \/>\n<meta property=\"og:description\" content=\"Excursion de science marine \u00e0 Bamfield La Famille Evenson La Famille Trant En ao\u00fbt 2020, le MPFBC a fourni des fonds \u00e0 Sadie pour l&rsquo;achat de plusieurs \u00e9quipements, y compris un iMac, un iPad Pro et les logiciels appropri\u00e9s, afin...\" \/>\n<meta property=\"og:url\" content=\"https:\/\/mpfbc.ca\/fr\/a-propos\/temoignages\/\" \/>\n<meta property=\"og:site_name\" content=\"Le Fonds de la Police militaire pour les enfants aveugles\" \/>\n<meta property=\"article:modified_time\" content=\"2025-03-06T04:02:49+00:00\" \/>\n<meta property=\"og:image\" content=\"https:\/\/mpfbc.ca\/wp-content\/uploads\/2024\/06\/Bamfield-2-1.png\" \/>\n\t<meta property=\"og:image:width\" content=\"551\" \/>\n\t<meta property=\"og:image:height\" content=\"778\" \/>\n\t<meta property=\"og:image:type\" content=\"image\/png\" \/>\n<meta name=\"twitter:card\" content=\"summary_large_image\" \/>\n<meta name=\"twitter:label1\" content=\"Estimation du temps de lecture\" \/>\n\t<meta name=\"twitter:data1\" content=\"2 minutes\" \/>\n<script type=\"application\/ld+json\" class=\"yoast-schema-graph\">{\"@context\":\"https:\/\/schema.org\",\"@graph\":[{\"@type\":\"WebPage\",\"@id\":\"https:\/\/mpfbc.ca\/fr\/a-propos\/temoignages\/\",\"url\":\"https:\/\/mpfbc.ca\/fr\/a-propos\/temoignages\/\",\"name\":\"T\u00e9moignages - Le Fonds de la Police militaire pour les enfants aveugles\",\"isPartOf\":{\"@id\":\"https:\/\/mpfbc.ca\/#website\"},\"primaryImageOfPage\":{\"@id\":\"https:\/\/mpfbc.ca\/fr\/a-propos\/temoignages\/#primaryimage\"},\"image\":{\"@id\":\"https:\/\/mpfbc.ca\/fr\/a-propos\/temoignages\/#primaryimage\"},\"thumbnailUrl\":\"https:\/\/mpfbc.ca\/wp-content\/uploads\/2024\/06\/Bamfield-2-1.png\",\"datePublished\":\"2021-05-27T14:33:25+00:00\",\"dateModified\":\"2025-03-06T04:02:49+00:00\",\"breadcrumb\":{\"@id\":\"https:\/\/mpfbc.ca\/fr\/a-propos\/temoignages\/#breadcrumb\"},\"inLanguage\":\"fr-CA\",\"potentialAction\":[{\"@type\":\"ReadAction\",\"target\":[\"https:\/\/mpfbc.ca\/fr\/a-propos\/temoignages\/\"]}]},{\"@type\":\"ImageObject\",\"inLanguage\":\"fr-CA\",\"@id\":\"https:\/\/mpfbc.ca\/fr\/a-propos\/temoignages\/#primaryimage\",\"url\":\"https:\/\/mpfbc.ca\/wp-content\/uploads\/2024\/06\/Bamfield-2-1.png\",\"contentUrl\":\"https:\/\/mpfbc.ca\/wp-content\/uploads\/2024\/06\/Bamfield-2-1.png\"},{\"@type\":\"BreadcrumbList\",\"@id\":\"https:\/\/mpfbc.ca\/fr\/a-propos\/temoignages\/#breadcrumb\",\"itemListElement\":[{\"@type\":\"ListItem\",\"position\":1,\"name\":\"Home\",\"item\":\"https:\/\/mpfbc.ca\/fr\/\"},{\"@type\":\"ListItem\",\"position\":2,\"name\":\"\u00c0 propos du Fonds des Enfants Aveugles\",\"item\":\"https:\/\/mpfbc.ca\/fr\/a-propos\/\"},{\"@type\":\"ListItem\",\"position\":3,\"name\":\"T\u00e9moignages\"}]},{\"@type\":\"WebSite\",\"@id\":\"https:\/\/mpfbc.ca\/#website\",\"url\":\"https:\/\/mpfbc.ca\/\",\"name\":\"Le Fonds de la Police militaire pour les enfants aveugles\",\"description\":\"Aidez les enfants canadiens de moins de 21 ans atteints d\u2019un handicap visuel\",\"alternateName\":\"MPFBC\",\"potentialAction\":[{\"@type\":\"SearchAction\",\"target\":{\"@type\":\"EntryPoint\",\"urlTemplate\":\"https:\/\/mpfbc.ca\/?s={search_term_string}\"},\"query-input\":{\"@type\":\"PropertyValueSpecification\",\"valueRequired\":true,\"valueName\":\"search_term_string\"}}],\"inLanguage\":\"fr-CA\"}]}<\/script>\n<!-- \/ Yoast SEO plugin. -->","yoast_head_json":{"title":"T\u00e9moignages - Le Fonds de la Police militaire pour les enfants aveugles","robots":{"index":"index","follow":"follow","max-snippet":"max-snippet:-1","max-image-preview":"max-image-preview:large","max-video-preview":"max-video-preview:-1"},"canonical":"https:\/\/mpfbc.ca\/fr\/a-propos\/temoignages\/","og_locale":"fr_CA","og_type":"article","og_title":"T\u00e9moignages - Le Fonds de la Police militaire pour les enfants aveugles","og_description":"Excursion de science marine \u00e0 Bamfield La Famille Evenson La Famille Trant En ao\u00fbt 2020, le MPFBC a fourni des fonds \u00e0 Sadie pour l&rsquo;achat de plusieurs \u00e9quipements, y compris un iMac, un iPad Pro et les logiciels appropri\u00e9s, afin...","og_url":"https:\/\/mpfbc.ca\/fr\/a-propos\/temoignages\/","og_site_name":"Le Fonds de la Police militaire pour les enfants aveugles","article_modified_time":"2025-03-06T04:02:49+00:00","og_image":[{"width":551,"height":778,"url":"https:\/\/mpfbc.ca\/wp-content\/uploads\/2024\/06\/Bamfield-2-1.png","type":"image\/png"}],"twitter_card":"summary_large_image","twitter_misc":{"Estimation du temps de lecture":"2 minutes"},"schema":{"@context":"https:\/\/schema.org","@graph":[{"@type":"WebPage","@id":"https:\/\/mpfbc.ca\/fr\/a-propos\/temoignages\/","url":"https:\/\/mpfbc.ca\/fr\/a-propos\/temoignages\/","name":"T\u00e9moignages - Le Fonds de la Police militaire pour les enfants aveugles","isPartOf":{"@id":"https:\/\/mpfbc.ca\/#website"},"primaryImageOfPage":{"@id":"https:\/\/mpfbc.ca\/fr\/a-propos\/temoignages\/#primaryimage"},"image":{"@id":"https:\/\/mpfbc.ca\/fr\/a-propos\/temoignages\/#primaryimage"},"thumbnailUrl":"https:\/\/mpfbc.ca\/wp-content\/uploads\/2024\/06\/Bamfield-2-1.png","datePublished":"2021-05-27T14:33:25+00:00","dateModified":"2025-03-06T04:02:49+00:00","breadcrumb":{"@id":"https:\/\/mpfbc.ca\/fr\/a-propos\/temoignages\/#breadcrumb"},"inLanguage":"fr-CA","potentialAction":[{"@type":"ReadAction","target":["https:\/\/mpfbc.ca\/fr\/a-propos\/temoignages\/"]}]},{"@type":"ImageObject","inLanguage":"fr-CA","@id":"https:\/\/mpfbc.ca\/fr\/a-propos\/temoignages\/#primaryimage","url":"https:\/\/mpfbc.ca\/wp-content\/uploads\/2024\/06\/Bamfield-2-1.png","contentUrl":"https:\/\/mpfbc.ca\/wp-content\/uploads\/2024\/06\/Bamfield-2-1.png"},{"@type":"BreadcrumbList","@id":"https:\/\/mpfbc.ca\/fr\/a-propos\/temoignages\/#breadcrumb","itemListElement":[{"@type":"ListItem","position":1,"name":"Home","item":"https:\/\/mpfbc.ca\/fr\/"},{"@type":"ListItem","position":2,"name":"\u00c0 propos du Fonds des Enfants Aveugles","item":"https:\/\/mpfbc.ca\/fr\/a-propos\/"},{"@type":"ListItem","position":3,"name":"T\u00e9moignages"}]},{"@type":"WebSite","@id":"https:\/\/mpfbc.ca\/#website","url":"https:\/\/mpfbc.ca\/","name":"Le Fonds de la Police militaire pour les enfants aveugles","description":"Aidez les enfants canadiens de moins de 21 ans atteints d\u2019un handicap visuel","alternateName":"MPFBC","potentialAction":[{"@type":"SearchAction","target":{"@type":"EntryPoint","urlTemplate":"https:\/\/mpfbc.ca\/?s={search_term_string}"},"query-input":{"@type":"PropertyValueSpecification","valueRequired":true,"valueName":"search_term_string"}}],"inLanguage":"fr-CA"}]}},"jetpack_sharing_enabled":true,"_links":{"self":[{"href":"https:\/\/mpfbc.ca\/fr\/wp-json\/wp\/v2\/pages\/1855","targetHints":{"allow":["GET"]}}],"collection":[{"href":"https:\/\/mpfbc.ca\/fr\/wp-json\/wp\/v2\/pages"}],"about":[{"href":"https:\/\/mpfbc.ca\/fr\/wp-json\/wp\/v2\/types\/page"}],"author":[{"embeddable":true,"href":"https:\/\/mpfbc.ca\/fr\/wp-json\/wp\/v2\/users\/5"}],"replies":[{"embeddable":true,"href":"https:\/\/mpfbc.ca\/fr\/wp-json\/wp\/v2\/comments?post=1855"}],"version-history":[{"count":5,"href":"https:\/\/mpfbc.ca\/fr\/wp-json\/wp\/v2\/pages\/1855\/revisions"}],"predecessor-version":[{"id":3569,"href":"https:\/\/mpfbc.ca\/fr\/wp-json\/wp\/v2\/pages\/1855\/revisions\/3569"}],"up":[{"embeddable":true,"href":"https:\/\/mpfbc.ca\/fr\/wp-json\/wp\/v2\/pages\/32"}],"wp:attachment":[{"href":"https:\/\/mpfbc.ca\/fr\/wp-json\/wp\/v2\/media?parent=1855"}],"curies":[{"name":"wp","href":"https:\/\/api.w.org\/{rel}","templated":true}]}}