{"id":1578,"date":"2020-08-09T20:56:26","date_gmt":"2020-08-10T00:56:26","guid":{"rendered":"https:\/\/obnqpf80.mywhc.ca\/?page_id=1578"},"modified":"2024-06-07T08:55:19","modified_gmt":"2024-06-07T12:55:19","slug":"le-relais-a-moto-national-de-la-police-militaire","status":"publish","type":"page","link":"https:\/\/mpfbc.ca\/fr\/comment-donner\/le-relais-a-moto-national-de-la-police-militaire\/","title":{"rendered":"Le Relais \u00e0 moto national de la Police militaire"},"content":{"rendered":"\n<p>Le Relais \u00e0 moto national de la Police militaire (RMNPM) est un \u00e9v\u00e9nement que nous aimons d\u00e9crire comme \u00ab&nbsp;le relais \u00e0 moto annuel le plus long du monde&nbsp;\u00bb. Il s\u2019agit de l\u2019un de nos principaux \u00e9v\u00e9nements de lev\u00e9e de fonds et, depuis sa cr\u00e9ation 2009, il a permis d\u2019amasser plus de 800&nbsp;000$ pour le Fonds de la Police militaire pour les enfants aveugles et pour d\u2019autres \u0153uvres de bienfaisance.<\/p>\n\n\n\n<p>D\u2019un oc\u00e9an \u00e0 l\u2019autre, le Relais parcourt chacune des dix provinces canadiennes et s\u2019arr\u00eate \u00e0 des \u00e9tablissements des Forces arm\u00e9es canadiennes (FAC) qui se trouvent en chemin. Le Relais ne se contente pas de suivre l\u2019autoroute Transcanadienne; au contraire, il comporte des d\u00e9tours pour visiter des bases des FAC et des sites d\u2019int\u00e9r\u00eat, ainsi que routes particuli\u00e8rement agr\u00e9ables pour la randonn\u00e9e \u00e0 moto. Le Relais s\u2019aventure aussi dans le sud de l\u2019Ontario pour rendre hommage \u00e0 nos militaires disparus en parcourant l\u2019Autoroute des h\u00e9ros de Toronto \u00e0 Trenton.<\/p>\n\n\n\n<p>Nous vous invitons \u00e0 visiter le <a href=\"https:\/\/sites.google.com\/view\/mpnationalrelay\/\" target=\"_blank\" rel=\"noreferrer noopener\">site du Relais<\/a> ainsi que leur <a href=\"https:\/\/www.facebook.com\/groups\/MPNMRR\/\" target=\"_blank\" rel=\"noreferrer noopener\">groupe Facebook<\/a> pour obtenir d\u2019avantage d\u2019information.<\/p>\n","protected":false},"excerpt":{"rendered":"<p>Le Relais \u00e0 moto national de la Police militaire (RMNPM) est un \u00e9v\u00e9nement que nous aimons d\u00e9crire comme \u00ab&nbsp;le relais \u00e0 moto annuel le plus long du monde&nbsp;\u00bb. Il s\u2019agit de l\u2019un de nos principaux \u00e9v\u00e9nements de lev\u00e9e de fonds&#8230;<\/p>\n","protected":false},"author":5,"featured_media":0,"parent":1396,"menu_order":0,"comment_status":"closed","ping_status":"closed","template":"","meta":{"_acf_changed":false,"footnotes":""},"class_list":["post-1578","page","type-page","status-publish","hentry"],"acf":[],"yoast_head":"<!-- This site is optimized with the Yoast SEO plugin v27.2 - https:\/\/yoast.com\/product\/yoast-seo-wordpress\/ -->\n<title>Le Relais \u00e0 moto national de la Police militaire - Le Fonds de la Police militaire pour les enfants aveugles<\/title>\n<meta name=\"robots\" content=\"index, follow, max-snippet:-1, max-image-preview:large, max-video-preview:-1\" \/>\n<link rel=\"canonical\" href=\"https:\/\/mpfbc.ca\/fr\/comment-donner\/le-relais-a-moto-national-de-la-police-militaire\/\" \/>\n<meta property=\"og:locale\" content=\"fr_CA\" \/>\n<meta property=\"og:type\" content=\"article\" \/>\n<meta property=\"og:title\" content=\"Le Relais \u00e0 moto national de la Police militaire - Le Fonds de la Police militaire pour les enfants aveugles\" \/>\n<meta property=\"og:description\" content=\"Le Relais \u00e0 moto national de la Police militaire (RMNPM) est un \u00e9v\u00e9nement que nous aimons d\u00e9crire comme \u00ab&nbsp;le relais \u00e0 moto annuel le plus long du monde&nbsp;\u00bb. Il s\u2019agit de l\u2019un de nos principaux \u00e9v\u00e9nements de lev\u00e9e de fonds...\" \/>\n<meta property=\"og:url\" content=\"https:\/\/mpfbc.ca\/fr\/comment-donner\/le-relais-a-moto-national-de-la-police-militaire\/\" \/>\n<meta property=\"og:site_name\" content=\"Le Fonds de la Police militaire pour les enfants aveugles\" \/>\n<meta property=\"article:modified_time\" content=\"2024-06-07T12:55:19+00:00\" \/>\n<meta name=\"twitter:card\" content=\"summary_large_image\" \/>\n<meta name=\"twitter:label1\" content=\"Estimation du temps de lecture\" \/>\n\t<meta name=\"twitter:data1\" content=\"1 minute\" \/>\n<script type=\"application\/ld+json\" class=\"yoast-schema-graph\">{\"@context\":\"https:\/\/schema.org\",\"@graph\":[{\"@type\":\"WebPage\",\"@id\":\"https:\/\/mpfbc.ca\/fr\/comment-donner\/le-relais-a-moto-national-de-la-police-militaire\/\",\"url\":\"https:\/\/mpfbc.ca\/fr\/comment-donner\/le-relais-a-moto-national-de-la-police-militaire\/\",\"name\":\"Le Relais \u00e0 moto national de la Police militaire - Le Fonds de la Police militaire pour les enfants aveugles\",\"isPartOf\":{\"@id\":\"https:\/\/mpfbc.ca\/#website\"},\"datePublished\":\"2020-08-10T00:56:26+00:00\",\"dateModified\":\"2024-06-07T12:55:19+00:00\",\"breadcrumb\":{\"@id\":\"https:\/\/mpfbc.ca\/fr\/comment-donner\/le-relais-a-moto-national-de-la-police-militaire\/#breadcrumb\"},\"inLanguage\":\"fr-CA\",\"potentialAction\":[{\"@type\":\"ReadAction\",\"target\":[\"https:\/\/mpfbc.ca\/fr\/comment-donner\/le-relais-a-moto-national-de-la-police-militaire\/\"]}]},{\"@type\":\"BreadcrumbList\",\"@id\":\"https:\/\/mpfbc.ca\/fr\/comment-donner\/le-relais-a-moto-national-de-la-police-militaire\/#breadcrumb\",\"itemListElement\":[{\"@type\":\"ListItem\",\"position\":1,\"name\":\"Home\",\"item\":\"https:\/\/mpfbc.ca\/fr\/\"},{\"@type\":\"ListItem\",\"position\":2,\"name\":\"Faire un don\",\"item\":\"https:\/\/mpfbc.ca\/fr\/comment-donner\/\"},{\"@type\":\"ListItem\",\"position\":3,\"name\":\"Le Relais \u00e0 moto national de la Police militaire\"}]},{\"@type\":\"WebSite\",\"@id\":\"https:\/\/mpfbc.ca\/#website\",\"url\":\"https:\/\/mpfbc.ca\/\",\"name\":\"Le Fonds de la Police militaire pour les enfants aveugles\",\"description\":\"Aidez les enfants canadiens de moins de 21 ans atteints d\u2019un handicap visuel\",\"alternateName\":\"MPFBC\",\"potentialAction\":[{\"@type\":\"SearchAction\",\"target\":{\"@type\":\"EntryPoint\",\"urlTemplate\":\"https:\/\/mpfbc.ca\/?s={search_term_string}\"},\"query-input\":{\"@type\":\"PropertyValueSpecification\",\"valueRequired\":true,\"valueName\":\"search_term_string\"}}],\"inLanguage\":\"fr-CA\"}]}<\/script>\n<!-- \/ Yoast SEO plugin. -->","yoast_head_json":{"title":"Le Relais \u00e0 moto national de la Police militaire - Le Fonds de la Police militaire pour les enfants aveugles","robots":{"index":"index","follow":"follow","max-snippet":"max-snippet:-1","max-image-preview":"max-image-preview:large","max-video-preview":"max-video-preview:-1"},"canonical":"https:\/\/mpfbc.ca\/fr\/comment-donner\/le-relais-a-moto-national-de-la-police-militaire\/","og_locale":"fr_CA","og_type":"article","og_title":"Le Relais \u00e0 moto national de la Police militaire - Le Fonds de la Police militaire pour les enfants aveugles","og_description":"Le Relais \u00e0 moto national de la Police militaire (RMNPM) est un \u00e9v\u00e9nement que nous aimons d\u00e9crire comme \u00ab&nbsp;le relais \u00e0 moto annuel le plus long du monde&nbsp;\u00bb. Il s\u2019agit de l\u2019un de nos principaux \u00e9v\u00e9nements de lev\u00e9e de fonds...","og_url":"https:\/\/mpfbc.ca\/fr\/comment-donner\/le-relais-a-moto-national-de-la-police-militaire\/","og_site_name":"Le Fonds de la Police militaire pour les enfants aveugles","article_modified_time":"2024-06-07T12:55:19+00:00","twitter_card":"summary_large_image","twitter_misc":{"Estimation du temps de lecture":"1 minute"},"schema":{"@context":"https:\/\/schema.org","@graph":[{"@type":"WebPage","@id":"https:\/\/mpfbc.ca\/fr\/comment-donner\/le-relais-a-moto-national-de-la-police-militaire\/","url":"https:\/\/mpfbc.ca\/fr\/comment-donner\/le-relais-a-moto-national-de-la-police-militaire\/","name":"Le Relais \u00e0 moto national de la Police militaire - Le Fonds de la Police militaire pour les enfants aveugles","isPartOf":{"@id":"https:\/\/mpfbc.ca\/#website"},"datePublished":"2020-08-10T00:56:26+00:00","dateModified":"2024-06-07T12:55:19+00:00","breadcrumb":{"@id":"https:\/\/mpfbc.ca\/fr\/comment-donner\/le-relais-a-moto-national-de-la-police-militaire\/#breadcrumb"},"inLanguage":"fr-CA","potentialAction":[{"@type":"ReadAction","target":["https:\/\/mpfbc.ca\/fr\/comment-donner\/le-relais-a-moto-national-de-la-police-militaire\/"]}]},{"@type":"BreadcrumbList","@id":"https:\/\/mpfbc.ca\/fr\/comment-donner\/le-relais-a-moto-national-de-la-police-militaire\/#breadcrumb","itemListElement":[{"@type":"ListItem","position":1,"name":"Home","item":"https:\/\/mpfbc.ca\/fr\/"},{"@type":"ListItem","position":2,"name":"Faire un don","item":"https:\/\/mpfbc.ca\/fr\/comment-donner\/"},{"@type":"ListItem","position":3,"name":"Le Relais \u00e0 moto national de la Police militaire"}]},{"@type":"WebSite","@id":"https:\/\/mpfbc.ca\/#website","url":"https:\/\/mpfbc.ca\/","name":"Le Fonds de la Police militaire pour les enfants aveugles","description":"Aidez les enfants canadiens de moins de 21 ans atteints d\u2019un handicap visuel","alternateName":"MPFBC","potentialAction":[{"@type":"SearchAction","target":{"@type":"EntryPoint","urlTemplate":"https:\/\/mpfbc.ca\/?s={search_term_string}"},"query-input":{"@type":"PropertyValueSpecification","valueRequired":true,"valueName":"search_term_string"}}],"inLanguage":"fr-CA"}]}},"jetpack_sharing_enabled":true,"_links":{"self":[{"href":"https:\/\/mpfbc.ca\/fr\/wp-json\/wp\/v2\/pages\/1578","targetHints":{"allow":["GET"]}}],"collection":[{"href":"https:\/\/mpfbc.ca\/fr\/wp-json\/wp\/v2\/pages"}],"about":[{"href":"https:\/\/mpfbc.ca\/fr\/wp-json\/wp\/v2\/types\/page"}],"author":[{"embeddable":true,"href":"https:\/\/mpfbc.ca\/fr\/wp-json\/wp\/v2\/users\/5"}],"replies":[{"embeddable":true,"href":"https:\/\/mpfbc.ca\/fr\/wp-json\/wp\/v2\/comments?post=1578"}],"version-history":[{"count":0,"href":"https:\/\/mpfbc.ca\/fr\/wp-json\/wp\/v2\/pages\/1578\/revisions"}],"up":[{"embeddable":true,"href":"https:\/\/mpfbc.ca\/fr\/wp-json\/wp\/v2\/pages\/1396"}],"wp:attachment":[{"href":"https:\/\/mpfbc.ca\/fr\/wp-json\/wp\/v2\/media?parent=1578"}],"curies":[{"name":"wp","href":"https:\/\/api.w.org\/{rel}","templated":true}]}}