{"id":1404,"date":"2020-03-08T12:43:19","date_gmt":"2020-03-08T16:43:19","guid":{"rendered":"https:\/\/obnqpf80.mywhc.ca\/?page_id=1404"},"modified":"2020-07-08T12:34:57","modified_gmt":"2020-07-08T16:34:57","slug":"politique-de-confidentialite","status":"publish","type":"page","link":"https:\/\/mpfbc.ca\/fr\/politique-de-confidentialite\/","title":{"rendered":"Politique de confidentialit\u00e9"},"content":{"rendered":"\n<p>Le Fonds de la Police militaire pour les enfants aveugles (FPMEA) s\u2019engage \u00e0 prot\u00e9ger la confidentialit\u00e9 des enfants et des familles qu\u2019il soutient, ainsi que celles des personnes qui font des dons \u00e0 la Fondation. Dans le cadre de notre modernisation, nous proc\u00e9dons \u00e0 une r\u00e9vision et \u00e0 une mise \u00e0 jour de nos politiques de confidentialit\u00e9. La politique adopt\u00e9e sera fond\u00e9e sur les principes \u00e9nonc\u00e9s dans la <em>Loi sur la protection des renseignements personnels et les documents \u00e9lectroniques<\/em>. Nous vous remercions de votre patience.<\/p>\n","protected":false},"excerpt":{"rendered":"<p>Le Fonds de la Police militaire pour les enfants aveugles (FPMEA) s\u2019engage \u00e0 prot\u00e9ger la confidentialit\u00e9 des enfants et des familles qu\u2019il soutient, ainsi que celles des personnes qui font des dons \u00e0 la Fondation. Dans le cadre de notre&#8230;<\/p>\n","protected":false},"author":5,"featured_media":0,"parent":0,"menu_order":999,"comment_status":"closed","ping_status":"closed","template":"","meta":{"_acf_changed":false,"footnotes":""},"class_list":["post-1404","page","type-page","status-publish","hentry"],"acf":[],"yoast_head":"<!-- This site is optimized with the Yoast SEO plugin v27.2 - https:\/\/yoast.com\/product\/yoast-seo-wordpress\/ -->\n<title>Politique de confidentialit\u00e9 - Le Fonds de la Police militaire pour les enfants aveugles<\/title>\n<meta name=\"robots\" content=\"index, follow, max-snippet:-1, max-image-preview:large, max-video-preview:-1\" \/>\n<link rel=\"canonical\" href=\"https:\/\/mpfbc.ca\/fr\/politique-de-confidentialite\/\" \/>\n<meta property=\"og:locale\" content=\"fr_CA\" \/>\n<meta property=\"og:type\" content=\"article\" \/>\n<meta property=\"og:title\" content=\"Politique de confidentialit\u00e9 - Le Fonds de la Police militaire pour les enfants aveugles\" \/>\n<meta property=\"og:description\" content=\"Le Fonds de la Police militaire pour les enfants aveugles (FPMEA) s\u2019engage \u00e0 prot\u00e9ger la confidentialit\u00e9 des enfants et des familles qu\u2019il soutient, ainsi que celles des personnes qui font des dons \u00e0 la Fondation. Dans le cadre de notre...\" \/>\n<meta property=\"og:url\" content=\"https:\/\/mpfbc.ca\/fr\/politique-de-confidentialite\/\" \/>\n<meta property=\"og:site_name\" content=\"Le Fonds de la Police militaire pour les enfants aveugles\" \/>\n<meta property=\"article:modified_time\" content=\"2020-07-08T16:34:57+00:00\" \/>\n<meta name=\"twitter:card\" content=\"summary_large_image\" \/>\n<script type=\"application\/ld+json\" class=\"yoast-schema-graph\">{\"@context\":\"https:\/\/schema.org\",\"@graph\":[{\"@type\":\"WebPage\",\"@id\":\"https:\/\/mpfbc.ca\/fr\/politique-de-confidentialite\/\",\"url\":\"https:\/\/mpfbc.ca\/fr\/politique-de-confidentialite\/\",\"name\":\"Politique de confidentialit\u00e9 - Le Fonds de la Police militaire pour les enfants aveugles\",\"isPartOf\":{\"@id\":\"https:\/\/mpfbc.ca\/#website\"},\"datePublished\":\"2020-03-08T16:43:19+00:00\",\"dateModified\":\"2020-07-08T16:34:57+00:00\",\"breadcrumb\":{\"@id\":\"https:\/\/mpfbc.ca\/fr\/politique-de-confidentialite\/#breadcrumb\"},\"inLanguage\":\"fr-CA\",\"potentialAction\":[{\"@type\":\"ReadAction\",\"target\":[\"https:\/\/mpfbc.ca\/fr\/politique-de-confidentialite\/\"]}]},{\"@type\":\"BreadcrumbList\",\"@id\":\"https:\/\/mpfbc.ca\/fr\/politique-de-confidentialite\/#breadcrumb\",\"itemListElement\":[{\"@type\":\"ListItem\",\"position\":1,\"name\":\"Home\",\"item\":\"https:\/\/mpfbc.ca\/fr\/\"},{\"@type\":\"ListItem\",\"position\":2,\"name\":\"Politique de confidentialit\u00e9\"}]},{\"@type\":\"WebSite\",\"@id\":\"https:\/\/mpfbc.ca\/#website\",\"url\":\"https:\/\/mpfbc.ca\/\",\"name\":\"Le Fonds de la Police militaire pour les enfants aveugles\",\"description\":\"Aidez les enfants canadiens de moins de 21 ans atteints d\u2019un handicap visuel\",\"alternateName\":\"MPFBC\",\"potentialAction\":[{\"@type\":\"SearchAction\",\"target\":{\"@type\":\"EntryPoint\",\"urlTemplate\":\"https:\/\/mpfbc.ca\/?s={search_term_string}\"},\"query-input\":{\"@type\":\"PropertyValueSpecification\",\"valueRequired\":true,\"valueName\":\"search_term_string\"}}],\"inLanguage\":\"fr-CA\"}]}<\/script>\n<!-- \/ Yoast SEO plugin. -->","yoast_head_json":{"title":"Politique de confidentialit\u00e9 - Le Fonds de la Police militaire pour les enfants aveugles","robots":{"index":"index","follow":"follow","max-snippet":"max-snippet:-1","max-image-preview":"max-image-preview:large","max-video-preview":"max-video-preview:-1"},"canonical":"https:\/\/mpfbc.ca\/fr\/politique-de-confidentialite\/","og_locale":"fr_CA","og_type":"article","og_title":"Politique de confidentialit\u00e9 - Le Fonds de la Police militaire pour les enfants aveugles","og_description":"Le Fonds de la Police militaire pour les enfants aveugles (FPMEA) s\u2019engage \u00e0 prot\u00e9ger la confidentialit\u00e9 des enfants et des familles qu\u2019il soutient, ainsi que celles des personnes qui font des dons \u00e0 la Fondation. Dans le cadre de notre...","og_url":"https:\/\/mpfbc.ca\/fr\/politique-de-confidentialite\/","og_site_name":"Le Fonds de la Police militaire pour les enfants aveugles","article_modified_time":"2020-07-08T16:34:57+00:00","twitter_card":"summary_large_image","schema":{"@context":"https:\/\/schema.org","@graph":[{"@type":"WebPage","@id":"https:\/\/mpfbc.ca\/fr\/politique-de-confidentialite\/","url":"https:\/\/mpfbc.ca\/fr\/politique-de-confidentialite\/","name":"Politique de confidentialit\u00e9 - Le Fonds de la Police militaire pour les enfants aveugles","isPartOf":{"@id":"https:\/\/mpfbc.ca\/#website"},"datePublished":"2020-03-08T16:43:19+00:00","dateModified":"2020-07-08T16:34:57+00:00","breadcrumb":{"@id":"https:\/\/mpfbc.ca\/fr\/politique-de-confidentialite\/#breadcrumb"},"inLanguage":"fr-CA","potentialAction":[{"@type":"ReadAction","target":["https:\/\/mpfbc.ca\/fr\/politique-de-confidentialite\/"]}]},{"@type":"BreadcrumbList","@id":"https:\/\/mpfbc.ca\/fr\/politique-de-confidentialite\/#breadcrumb","itemListElement":[{"@type":"ListItem","position":1,"name":"Home","item":"https:\/\/mpfbc.ca\/fr\/"},{"@type":"ListItem","position":2,"name":"Politique de confidentialit\u00e9"}]},{"@type":"WebSite","@id":"https:\/\/mpfbc.ca\/#website","url":"https:\/\/mpfbc.ca\/","name":"Le Fonds de la Police militaire pour les enfants aveugles","description":"Aidez les enfants canadiens de moins de 21 ans atteints d\u2019un handicap visuel","alternateName":"MPFBC","potentialAction":[{"@type":"SearchAction","target":{"@type":"EntryPoint","urlTemplate":"https:\/\/mpfbc.ca\/?s={search_term_string}"},"query-input":{"@type":"PropertyValueSpecification","valueRequired":true,"valueName":"search_term_string"}}],"inLanguage":"fr-CA"}]}},"jetpack_sharing_enabled":true,"_links":{"self":[{"href":"https:\/\/mpfbc.ca\/fr\/wp-json\/wp\/v2\/pages\/1404","targetHints":{"allow":["GET"]}}],"collection":[{"href":"https:\/\/mpfbc.ca\/fr\/wp-json\/wp\/v2\/pages"}],"about":[{"href":"https:\/\/mpfbc.ca\/fr\/wp-json\/wp\/v2\/types\/page"}],"author":[{"embeddable":true,"href":"https:\/\/mpfbc.ca\/fr\/wp-json\/wp\/v2\/users\/5"}],"replies":[{"embeddable":true,"href":"https:\/\/mpfbc.ca\/fr\/wp-json\/wp\/v2\/comments?post=1404"}],"version-history":[{"count":0,"href":"https:\/\/mpfbc.ca\/fr\/wp-json\/wp\/v2\/pages\/1404\/revisions"}],"wp:attachment":[{"href":"https:\/\/mpfbc.ca\/fr\/wp-json\/wp\/v2\/media?parent=1404"}],"curies":[{"name":"wp","href":"https:\/\/api.w.org\/{rel}","templated":true}]}}