{"id":1400,"date":"2020-03-08T12:41:14","date_gmt":"2020-03-08T16:41:14","guid":{"rendered":"https:\/\/obnqpf80.mywhc.ca\/?page_id=1400"},"modified":"2025-03-05T23:06:21","modified_gmt":"2025-03-06T04:06:21","slug":"aide-offerte","status":"publish","type":"page","link":"https:\/\/mpfbc.ca\/fr\/aide-offerte\/","title":{"rendered":"Aide Offerte"},"content":{"rendered":"\n<h2 class=\"wp-block-heading\">Le FPMEA poursuit les trois objectifs suivants&nbsp;:<\/h2>\n\n\n\n<ol class=\"wp-block-list\">\n<li>Soulager les conditions attribu\u00e9es \u00e0 un handicap en offrant des appareils fonctionnels et des services de soutien sp\u00e9cialis\u00e9 aux enfants et aux jeunes adultes qui ont re\u00e7u un diagnostic de d\u00e9ficience visuelle, et ce jusqu\u2019\u00e0 l\u2019\u00e2ge de 21 ans inclusivement;<\/li>\n\n\n\n<li>Soulager les conditions attribu\u00e9es \u00e0 un handicap en offrant des programmes de sport et de loisir pour promouvoir le bien-\u00eatre physique, mental et \u00e9motionnel des enfants et des jeunes adultes qui ont re\u00e7u un diagnostic de d\u00e9ficience visuelle, et ce jusqu\u2019\u00e0 l\u2019\u00e2ge de 21 ans inclusivement.<\/li>\n\n\n\n<li>Soutenir des organismes de bienfaisance et des individus qui s\u2019impliquent dans l\u2019\u00e9ducation, la formation et les activit\u00e9s de loisir destin\u00e9es aux enfants et aux jeunes adultes qui sont aveugles ou qui souffrent d\u2019une d\u00e9ficience visuelle.<\/li>\n<\/ol>\n\n\n\n<hr class=\"wp-block-separator has-alpha-channel-opacity\"\/>\n\n\n\n<h2 class=\"wp-block-heading\">Cat\u00e9gories d&rsquo;applications\u00a0:<\/h2>\n\n\n\n<p>Les demandes faites au Fonds peuvent couvrir une vaste gamme de produits et services qui rel\u00e8vent g\u00e9n\u00e9ralement de l\u2019une des cinq cat\u00e9gories pr\u00e9sent\u00e9es ci-dessous. Cependant, le Comit\u00e9 de direction est conscient que notre monde est en constante \u00e9volution; cette liste n\u2019est donc pas exhaustive. Pour nous permettre de distribuer \u00e9quitablement les fonds allou\u00e9s pour l\u2019ann\u00e9e en cours, les demandes de financement sont class\u00e9es selon cinq cat\u00e9gories&nbsp;:<\/p>\n\n\n\n<ol class=\"wp-block-list\">\n<li><strong>articles m\u00e9dicaux exigeant une prescription<\/strong> (<em>par exemple\u00a0: lunettes, fauteuil roulant, chaise de bain, d\u00e9ambulateur<\/em>);<\/li>\n\n\n\n<li><strong>outils \u00e9ducatifs ou de d\u00e9veloppement des habilet\u00e9s<\/strong> (<em>par exemple\u00a0: t\u00e9l\u00e9vision \u00e0 circuit ferm\u00e9, ordinateur, logiciel, ourson Spinoza, frais de scolarit\u00e9 dans un \u00e9tablissement sp\u00e9cialis\u00e9, mat\u00e9riel d\u2019apprentissage<\/em>);<\/li>\n\n\n\n<li><strong>articles non-m\u00e9dicaux<\/strong> <strong>qui visent \u00e0 am\u00e9liorer la qualit\u00e9 de vie<\/strong>; <em>(par exemple\u00a0: eSight lunettes \u00e9lectronique)<\/em><\/li>\n\n\n\n<li><strong>activit\u00e9s de loisir<\/strong> <em>(par exemple\u00a0: camps d\u2019\u00e9t\u00e9, cours de fin de semaine)<\/em>;<\/li>\n\n\n\n<li><strong>autres activit\u00e9s et \u00e9quipements<\/strong> <em>(par exemple\u00a0: voyages scolaires, transport, accompagnement)<\/em>.<\/li>\n<\/ol>\n\n\n\n<hr class=\"wp-block-separator has-alpha-channel-opacity\"\/>\n\n\n\n<h2 class=\"wp-block-heading\">Comment pr\u00e9senter une demande :<\/h2>\n\n\n\n<p>Toute personne r\u00e9sidant au Canada peut soumettre un formulaire de demande de financement au FPMEA. AUCUNE affiliation aux Forces arm\u00e9es canadiennes ou au Groupe de la Police militaire des Forces canadiennes n\u2019est requise.<\/p>\n\n\n\n<p>Le FPMEA n\u2019est pas en mesure d\u2019approuver des demandes de financement pour des produits et services qui ont d\u00e9j\u00e0 \u00e9t\u00e9 achet\u00e9s, ou pour des services qui ont d\u00e9j\u00e0 \u00e9t\u00e9 re\u00e7us. Veuillez pr\u00e9senter votre demande de financement avant d\u2019effectuer les achats vis\u00e9s.<\/p>\n\n\n\n<p>Pour pr\u00e9senter une demande de financement, vous \u00eates pri\u00e9s de soumettre la documentation suivante par courriel, au <a href=\"https:\/\/mpfbc.ca\/fr\/contactez\/#membres\">repr\u00e9sentant r\u00e9gional<\/a> de votre secteur&nbsp;:<\/p>\n\n\n\n<ul class=\"wp-block-list\">\n<li><a href=\"https:\/\/mpfbc.ca\/wp-content\/uploads\/2020\/11\/Funding-Request-Form2020billingual.pdf\" target=\"_blank\" rel=\"noreferrer noopener\"><strong>le formulaire de demande de financement<\/strong> (PDF)<\/a> d\u00fbment rempli;<\/li>\n\n\n\n<li>une lettre ou un document \u00e9mis par une autorit\u00e9 comp\u00e9tente (m\u00e9decin, travailleur social, th\u00e9rapeute en apprentissage, etc.) qui d\u00e9crit le probl\u00e8me de sant\u00e9 et la gravit\u00e9 de la d\u00e9ficience visuelle;<\/li>\n\n\n\n<li>une lettre ou un document qui explique comment le financement du produit ou du service demand\u00e9 sera b\u00e9n\u00e9fique pour l\u2019enfant en ce qui a trait \u00e0 sa d\u00e9ficience visuelle. Il est recommand\u00e9 de demander l\u2019aide d\u2019un conseiller \u0153uvrant au sein d\u2019un programme pour personnes aveugles ou malvoyantes de votre r\u00e9gion;<\/li>\n\n\n\n<li>un bref r\u00e9cit de la vie de l\u2019enfant qui permettra aux membres du Comit\u00e9 de comprendre dans quelle mesure la d\u00e9ficience visuelle affecte votre enfant. Le format recommand\u00e9 est une lettre d\u2019un parent ou tuteur;<\/li>\n\n\n\n<li>au moins deux propositions de prix pour le ou les produits ou services demand\u00e9s. Une proposition de prix recevable doit : comprendre la date d\u2019\u00e9mission; \u00eatre destin\u00e9e sp\u00e9cifiquement au demandeur; pr\u00e9ciser la p\u00e9riode pendant laquelle la proposition demeure en vigueur; et indiquer clairement quels sont les co\u00fbts et les produits ou services offerts. Des propositions \u00e9mises par un seul fournisseur ne seront g\u00e9n\u00e9ralement pas accept\u00e9es, sauf lorsqu\u2019il est clairement d\u00e9montr\u00e9 qu\u2019il n\u2019existe qu\u2019un seul fournisseur (e.g. demande pour fr\u00e9quenter un camp en particulier). Lorsque vous inscrivez le montant demand\u00e9, veuillez vous assurer que ce montant inclut les taxes et frais d\u2019exp\u00e9dition. S\u2019il s\u2019agit de produits provenant de l\u2019ext\u00e9rieur du Canada, des frais suppl\u00e9mentaires pourraient \u00eatre encourus pour l\u2019exp\u00e9dition et le paiement des droits, en plus des frais de conversion de devises.<\/li>\n<\/ul>\n","protected":false},"excerpt":{"rendered":"<p>Le FPMEA poursuit les trois objectifs suivants&nbsp;: Cat\u00e9gories d&rsquo;applications\u00a0: Les demandes faites au Fonds peuvent couvrir une vaste gamme de produits et services qui rel\u00e8vent g\u00e9n\u00e9ralement de l\u2019une des cinq cat\u00e9gories pr\u00e9sent\u00e9es ci-dessous. Cependant, le Comit\u00e9 de direction est conscient&#8230;<\/p>\n","protected":false},"author":5,"featured_media":0,"parent":0,"menu_order":4,"comment_status":"closed","ping_status":"closed","template":"","meta":{"_acf_changed":false,"footnotes":""},"class_list":["post-1400","page","type-page","status-publish","hentry"],"acf":[],"yoast_head":"<!-- This site is optimized with the Yoast SEO plugin v27.2 - https:\/\/yoast.com\/product\/yoast-seo-wordpress\/ -->\n<title>Aide Offerte - Le Fonds de la Police militaire pour les enfants aveugles<\/title>\n<meta name=\"robots\" content=\"index, follow, max-snippet:-1, max-image-preview:large, max-video-preview:-1\" \/>\n<link rel=\"canonical\" href=\"https:\/\/mpfbc.ca\/fr\/aide-offerte\/\" \/>\n<meta property=\"og:locale\" content=\"fr_CA\" \/>\n<meta property=\"og:type\" content=\"article\" \/>\n<meta property=\"og:title\" content=\"Aide Offerte - Le Fonds de la Police militaire pour les enfants aveugles\" \/>\n<meta property=\"og:description\" content=\"Le FPMEA poursuit les trois objectifs suivants&nbsp;: Cat\u00e9gories d&rsquo;applications\u00a0: Les demandes faites au Fonds peuvent couvrir une vaste gamme de produits et services qui rel\u00e8vent g\u00e9n\u00e9ralement de l\u2019une des cinq cat\u00e9gories pr\u00e9sent\u00e9es ci-dessous. Cependant, le Comit\u00e9 de direction est conscient...\" \/>\n<meta property=\"og:url\" content=\"https:\/\/mpfbc.ca\/fr\/aide-offerte\/\" \/>\n<meta property=\"og:site_name\" content=\"Le Fonds de la Police militaire pour les enfants aveugles\" \/>\n<meta property=\"article:modified_time\" content=\"2025-03-06T04:06:21+00:00\" \/>\n<meta name=\"twitter:card\" content=\"summary_large_image\" \/>\n<meta name=\"twitter:label1\" content=\"Estimation du temps de lecture\" \/>\n\t<meta name=\"twitter:data1\" content=\"3 minutes\" \/>\n<script type=\"application\/ld+json\" class=\"yoast-schema-graph\">{\"@context\":\"https:\/\/schema.org\",\"@graph\":[{\"@type\":\"WebPage\",\"@id\":\"https:\/\/mpfbc.ca\/fr\/aide-offerte\/\",\"url\":\"https:\/\/mpfbc.ca\/fr\/aide-offerte\/\",\"name\":\"Aide Offerte - Le Fonds de la Police militaire pour les enfants aveugles\",\"isPartOf\":{\"@id\":\"https:\/\/mpfbc.ca\/#website\"},\"datePublished\":\"2020-03-08T16:41:14+00:00\",\"dateModified\":\"2025-03-06T04:06:21+00:00\",\"breadcrumb\":{\"@id\":\"https:\/\/mpfbc.ca\/fr\/aide-offerte\/#breadcrumb\"},\"inLanguage\":\"fr-CA\",\"potentialAction\":[{\"@type\":\"ReadAction\",\"target\":[\"https:\/\/mpfbc.ca\/fr\/aide-offerte\/\"]}]},{\"@type\":\"BreadcrumbList\",\"@id\":\"https:\/\/mpfbc.ca\/fr\/aide-offerte\/#breadcrumb\",\"itemListElement\":[{\"@type\":\"ListItem\",\"position\":1,\"name\":\"Home\",\"item\":\"https:\/\/mpfbc.ca\/fr\/\"},{\"@type\":\"ListItem\",\"position\":2,\"name\":\"Aide Offerte\"}]},{\"@type\":\"WebSite\",\"@id\":\"https:\/\/mpfbc.ca\/#website\",\"url\":\"https:\/\/mpfbc.ca\/\",\"name\":\"Le Fonds de la Police militaire pour les enfants aveugles\",\"description\":\"Aidez les enfants canadiens de moins de 21 ans atteints d\u2019un handicap visuel\",\"alternateName\":\"MPFBC\",\"potentialAction\":[{\"@type\":\"SearchAction\",\"target\":{\"@type\":\"EntryPoint\",\"urlTemplate\":\"https:\/\/mpfbc.ca\/?s={search_term_string}\"},\"query-input\":{\"@type\":\"PropertyValueSpecification\",\"valueRequired\":true,\"valueName\":\"search_term_string\"}}],\"inLanguage\":\"fr-CA\"}]}<\/script>\n<!-- \/ Yoast SEO plugin. -->","yoast_head_json":{"title":"Aide Offerte - Le Fonds de la Police militaire pour les enfants aveugles","robots":{"index":"index","follow":"follow","max-snippet":"max-snippet:-1","max-image-preview":"max-image-preview:large","max-video-preview":"max-video-preview:-1"},"canonical":"https:\/\/mpfbc.ca\/fr\/aide-offerte\/","og_locale":"fr_CA","og_type":"article","og_title":"Aide Offerte - Le Fonds de la Police militaire pour les enfants aveugles","og_description":"Le FPMEA poursuit les trois objectifs suivants&nbsp;: Cat\u00e9gories d&rsquo;applications\u00a0: Les demandes faites au Fonds peuvent couvrir une vaste gamme de produits et services qui rel\u00e8vent g\u00e9n\u00e9ralement de l\u2019une des cinq cat\u00e9gories pr\u00e9sent\u00e9es ci-dessous. Cependant, le Comit\u00e9 de direction est conscient...","og_url":"https:\/\/mpfbc.ca\/fr\/aide-offerte\/","og_site_name":"Le Fonds de la Police militaire pour les enfants aveugles","article_modified_time":"2025-03-06T04:06:21+00:00","twitter_card":"summary_large_image","twitter_misc":{"Estimation du temps de lecture":"3 minutes"},"schema":{"@context":"https:\/\/schema.org","@graph":[{"@type":"WebPage","@id":"https:\/\/mpfbc.ca\/fr\/aide-offerte\/","url":"https:\/\/mpfbc.ca\/fr\/aide-offerte\/","name":"Aide Offerte - Le Fonds de la Police militaire pour les enfants aveugles","isPartOf":{"@id":"https:\/\/mpfbc.ca\/#website"},"datePublished":"2020-03-08T16:41:14+00:00","dateModified":"2025-03-06T04:06:21+00:00","breadcrumb":{"@id":"https:\/\/mpfbc.ca\/fr\/aide-offerte\/#breadcrumb"},"inLanguage":"fr-CA","potentialAction":[{"@type":"ReadAction","target":["https:\/\/mpfbc.ca\/fr\/aide-offerte\/"]}]},{"@type":"BreadcrumbList","@id":"https:\/\/mpfbc.ca\/fr\/aide-offerte\/#breadcrumb","itemListElement":[{"@type":"ListItem","position":1,"name":"Home","item":"https:\/\/mpfbc.ca\/fr\/"},{"@type":"ListItem","position":2,"name":"Aide Offerte"}]},{"@type":"WebSite","@id":"https:\/\/mpfbc.ca\/#website","url":"https:\/\/mpfbc.ca\/","name":"Le Fonds de la Police militaire pour les enfants aveugles","description":"Aidez les enfants canadiens de moins de 21 ans atteints d\u2019un handicap visuel","alternateName":"MPFBC","potentialAction":[{"@type":"SearchAction","target":{"@type":"EntryPoint","urlTemplate":"https:\/\/mpfbc.ca\/?s={search_term_string}"},"query-input":{"@type":"PropertyValueSpecification","valueRequired":true,"valueName":"search_term_string"}}],"inLanguage":"fr-CA"}]}},"jetpack_sharing_enabled":true,"_links":{"self":[{"href":"https:\/\/mpfbc.ca\/fr\/wp-json\/wp\/v2\/pages\/1400","targetHints":{"allow":["GET"]}}],"collection":[{"href":"https:\/\/mpfbc.ca\/fr\/wp-json\/wp\/v2\/pages"}],"about":[{"href":"https:\/\/mpfbc.ca\/fr\/wp-json\/wp\/v2\/types\/page"}],"author":[{"embeddable":true,"href":"https:\/\/mpfbc.ca\/fr\/wp-json\/wp\/v2\/users\/5"}],"replies":[{"embeddable":true,"href":"https:\/\/mpfbc.ca\/fr\/wp-json\/wp\/v2\/comments?post=1400"}],"version-history":[{"count":2,"href":"https:\/\/mpfbc.ca\/fr\/wp-json\/wp\/v2\/pages\/1400\/revisions"}],"predecessor-version":[{"id":3572,"href":"https:\/\/mpfbc.ca\/fr\/wp-json\/wp\/v2\/pages\/1400\/revisions\/3572"}],"wp:attachment":[{"href":"https:\/\/mpfbc.ca\/fr\/wp-json\/wp\/v2\/media?parent=1400"}],"curies":[{"name":"wp","href":"https:\/\/api.w.org\/{rel}","templated":true}]}}